{"id":3078,"date":"2023-10-05T09:22:40","date_gmt":"2023-10-05T07:22:40","guid":{"rendered":"https:\/\/www.bermont.es\/?page_id=3078"},"modified":"2024-10-21T20:01:08","modified_gmt":"2024-10-21T18:01:08","slug":"bermont-impresion","status":"publish","type":"page","link":"https:\/\/www.bermont.es\/en\/bermont-impresion\/","title":{"rendered":"Bermont Impresi\u00f3n &#8211; Madrid"},"content":{"rendered":"<div class=\"wpb-content-wrapper\"><div class=\"vc_row wpb_row vc_row-fluid wpex-relative\"><div class=\"wpb_column vc_column_container vc_col-sm-12\"><div class=\"vc_column-inner\"><div class=\"wpb_wrapper\">\n\t<div class=\"wpb_text_column wpb_content_element\" >\n\t\t<div class=\"wpb_wrapper\">\n\t\t\t<div id=\"nxs-pagerow-prid257976951\" class=\"nxs-row nxs-not-unistyled nxs-rowtemplate-one\">\n<div class=\"nxs-row-container nxs-containsimmediatehovermenu nxs-row1\">\n<div class=\"ABC nxs-height100\">\n<div class=\"XYZ\">\n<div class=\"nxs-placeholder-content-wrap nxs-crop\">\n<div id=\"nxs-widget-l1830243529\" class=\"nxs-widget nxs-widget-l1830243529 nxs-wordpress-title\">\n<div id=\"nxs-pagerow-prid286504965\" class=\"nxs-row nxs-not-unistyled nxs-rowtemplate-one\">\n<div class=\"nxs-row-container nxs-containsimmediatehovermenu nxs-row1\">\n<div class=\"ABC nxs-height100\">\n<div class=\"XYZ\">\n<div class=\"nxs-placeholder-content-wrap nxs-crop\">\n<div id=\"nxs-widget-l512627316\" class=\"nxs-widget nxs-widget-l512627316 nxs-wordpress-title\">\n<div class=\"ABC nxs-height100\">\n<div class=\"XYZ\">\n<div class=\"nxs-placeholder-content-wrap nxs-crop\">\n<div id=\"nxs-widget-l512627316\" class=\"nxs-widget nxs-widget-l512627316 nxs-wordpress-title\">\n<h1 class=\"nxs-title nxs-head-fontsize-3-0\" style=\"text-align: center;\">Bermont Impresi\u00f3n<\/h1>\n<\/div>\n<\/div>\n<\/div>\n<\/div>\n<\/div>\n<\/div>\n<\/div>\n<div class=\"XYZ\">\n<div class=\"nxs-placeholder-content-wrap nxs-crop\">\n<div id=\"nxs-widget-l296920823\" class=\"nxs-widget nxs-widget-l296920823 nxs-text\"><\/div>\n<\/div>\n<\/div>\n<\/div>\n<\/div>\n<\/div>\n<div id=\"nxs-pagerow-1213868452\" class=\"nxs-row nxs-not-unistyled nxs-rowtemplate-one\">\n<div class=\"nxs-row-container nxs-containsimmediatehovermenu nxs-row1\"><\/div>\n<\/div>\n<\/div>\n<\/div>\n<\/div>\n<\/div>\n<\/div>\n<\/div>\n\n\t\t<\/div>\n\t<\/div>\n<div class=\"vcex-spacing wpex-w-100 wpex-clear\"><\/div>\n\t<div style=\"font-size:16px;\" class=\"wpb_text_column wpb_content_element\" >\n\t\t<div class=\"wpb_wrapper\">\n\t\t\t<div class=\"ABC nxs-height100\">\n<div class=\"XYZ\">\n<div class=\"nxs-placeholder-content-wrap nxs-crop\">\n<div id=\"nxs-widget-l296920823\" class=\"nxs-widget nxs-widget-l296920823 nxs-text\">\n<div class=\"nxs-default-p nxs-applylinkvarcolor nxs-padding-bottom0 nxs-align-left\">\n<div id=\"nxs-pagerow-prid286504965\" class=\"nxs-row nxs-not-unistyled nxs-rowtemplate-one\">\n<div class=\"nxs-row-container nxs-containsimmediatehovermenu nxs-row1\">\n<div class=\"ABC nxs-height100\">\n<div class=\"XYZ\">\n<div class=\"nxs-placeholder-content-wrap nxs-crop\">\n<div id=\"nxs-widget-l512627316\" class=\"nxs-widget nxs-widget-l512627316 nxs-wordpress-title\">\n<div class=\"nxs-clear\" style=\"text-align: justify;\">\n<p style=\"text-align: center;\" align=\"center\">Bermont Impresi\u00f3n is located in the town of Coslada (Madrid). From its location, Bermont Impresi\u00f3n produces copies for the entire national territory.<\/p>\n<\/div>\n<\/div>\n<\/div>\n<\/div>\n<\/div>\n<\/div>\n<\/div>\n<\/div>\n<\/div>\n<\/div>\n<\/div>\n<\/div>\n\n\t\t<\/div>\n\t<\/div>\n\n\t<div style=\"font-size:16px;\" class=\"wpb_text_column wpb_content_element\" >\n\t\t<div class=\"wpb_wrapper\">\n\t\t\t<div class=\"ABC nxs-height100\">\n<div class=\"XYZ\">\n<div class=\"nxs-placeholder-content-wrap nxs-crop\">\n<div id=\"nxs-widget-l296920823\" class=\"nxs-widget nxs-widget-l296920823 nxs-text\">\n<div class=\"nxs-default-p nxs-applylinkvarcolor nxs-padding-bottom0 nxs-align-left\">\n<div id=\"nxs-pagerow-prid286504965\" class=\"nxs-row nxs-not-unistyled nxs-rowtemplate-one\">\n<div class=\"nxs-row-container nxs-containsimmediatehovermenu nxs-row1\">\n<div class=\"ABC nxs-height100\">\n<div class=\"XYZ\">\n<div class=\"nxs-placeholder-content-wrap nxs-crop\">\n<div id=\"nxs-widget-l512627316\" class=\"nxs-widget nxs-widget-l512627316 nxs-wordpress-title\">\n<div class=\"nxs-clear\" style=\"text-align: justify;\">\n<p style=\"text-align: center;\" align=\"center\">Bermont Impresi\u00f3n has three GOSS Universal rotary presses, a KBA Comet rotary press and a MAN Colorman press. Its five plate production lines CTP (Computer to Plate) allow simultaneous printing with all rotary presses. Printing is complemented by two inserting drums capable of inserting pre-printed and pre-rolled products, as well as fed by manual feeders. Stacking and tying lines finish the packages that are delivered ready for distribution.<\/p>\n<\/div>\n<\/div>\n<\/div>\n<\/div>\n<\/div>\n<\/div>\n<\/div>\n<\/div>\n<\/div>\n<\/div>\n<\/div>\n<\/div>\n\n\t\t<\/div>\n\t<\/div>\n<div class=\"vcex-spacing wpex-w-100 wpex-clear\"><\/div><div class=\"wpex-slider-preloaderimg wpex-relative\"><img width=\"1024\" height=\"600\" src=\"https:\/\/www.bermont.es\/wp-content\/uploads\/2023\/11\/m2_e-1024x600-1.jpg\" class=\"skip-lazy\" alt=\"\" data-no-lazy=\"1\" srcset=\"https:\/\/www.bermont.es\/wp-content\/uploads\/2023\/11\/m2_e-1024x600-1.jpg 1024w, https:\/\/www.bermont.es\/wp-content\/uploads\/2023\/11\/m2_e-1024x600-1-300x176.jpg 300w, https:\/\/www.bermont.es\/wp-content\/uploads\/2023\/11\/m2_e-1024x600-1-768x450.jpg 768w, https:\/\/www.bermont.es\/wp-content\/uploads\/2023\/11\/m2_e-1024x600-1-18x12.jpg 18w\" sizes=\"(max-width: 1024px) 100vw, 1024px\" \/><\/div><div class=\"vcex-image-slider vcex-module wpex-slider slider-pro wpex-clr\" data-loop=\"true\" data-auto-play-delay=\"5000\" data-animation-speed=\"600\" data-auto-height=\"false\" data-thumbnail-height=\"70\" data-thumbnail-width=\"70\"><div class=\"wpex-slider-slides sp-slides\"><div class=\"wpex-slider-slide sp-slide\"><div class=\"wpex-slider-media wpex-relative\"><img width=\"1024\" height=\"600\" src=\"https:\/\/www.bermont.es\/wp-content\/uploads\/2023\/11\/m2_e-1024x600-1.jpg\" class=\"skip-lazy\" alt=\"\" data-no-lazy=\"1\" srcset=\"https:\/\/www.bermont.es\/wp-content\/uploads\/2023\/11\/m2_e-1024x600-1.jpg 1024w, https:\/\/www.bermont.es\/wp-content\/uploads\/2023\/11\/m2_e-1024x600-1-300x176.jpg 300w, https:\/\/www.bermont.es\/wp-content\/uploads\/2023\/11\/m2_e-1024x600-1-768x450.jpg 768w, https:\/\/www.bermont.es\/wp-content\/uploads\/2023\/11\/m2_e-1024x600-1-18x12.jpg 18w\" sizes=\"(max-width: 1024px) 100vw, 1024px\" \/><\/div><\/div><div class=\"wpex-slider-slide sp-slide\"><div class=\"wpex-slider-media wpex-relative\"><img width=\"1024\" height=\"600\" src=\"https:\/\/www.bermont.es\/wp-content\/uploads\/2023\/11\/MG_9432-copia-1024x600-2.png\" class=\"skip-lazy\" alt=\"\" data-no-lazy=\"1\" srcset=\"https:\/\/www.bermont.es\/wp-content\/uploads\/2023\/11\/MG_9432-copia-1024x600-2.png 1024w, https:\/\/www.bermont.es\/wp-content\/uploads\/2023\/11\/MG_9432-copia-1024x600-2-300x176.png 300w, https:\/\/www.bermont.es\/wp-content\/uploads\/2023\/11\/MG_9432-copia-1024x600-2-768x450.png 768w, https:\/\/www.bermont.es\/wp-content\/uploads\/2023\/11\/MG_9432-copia-1024x600-2-18x12.png 18w\" sizes=\"(max-width: 1024px) 100vw, 1024px\" \/><\/div><\/div><div class=\"wpex-slider-slide sp-slide\"><div class=\"wpex-slider-media wpex-relative\"><img width=\"1024\" height=\"600\" src=\"https:\/\/www.bermont.es\/wp-content\/uploads\/2023\/11\/MG_9350-copia-1024x600-1.png\" class=\"skip-lazy\" alt=\"\" data-no-lazy=\"1\" srcset=\"https:\/\/www.bermont.es\/wp-content\/uploads\/2023\/11\/MG_9350-copia-1024x600-1.png 1024w, https:\/\/www.bermont.es\/wp-content\/uploads\/2023\/11\/MG_9350-copia-1024x600-1-300x176.png 300w, https:\/\/www.bermont.es\/wp-content\/uploads\/2023\/11\/MG_9350-copia-1024x600-1-768x450.png 768w, https:\/\/www.bermont.es\/wp-content\/uploads\/2023\/11\/MG_9350-copia-1024x600-1-18x12.png 18w\" sizes=\"(max-width: 1024px) 100vw, 1024px\" \/><\/div><\/div><div class=\"wpex-slider-slide sp-slide\"><div class=\"wpex-slider-media wpex-relative\"><img width=\"1024\" height=\"600\" src=\"https:\/\/www.bermont.es\/wp-content\/uploads\/2023\/11\/MG_9464-copia-1024x600-2.png\" class=\"skip-lazy\" alt=\"\" data-no-lazy=\"1\" srcset=\"https:\/\/www.bermont.es\/wp-content\/uploads\/2023\/11\/MG_9464-copia-1024x600-2.png 1024w, https:\/\/www.bermont.es\/wp-content\/uploads\/2023\/11\/MG_9464-copia-1024x600-2-300x176.png 300w, https:\/\/www.bermont.es\/wp-content\/uploads\/2023\/11\/MG_9464-copia-1024x600-2-768x450.png 768w, https:\/\/www.bermont.es\/wp-content\/uploads\/2023\/11\/MG_9464-copia-1024x600-2-18x12.png 18w\" sizes=\"(max-width: 1024px) 100vw, 1024px\" \/><\/div><\/div><div class=\"wpex-slider-slide sp-slide\"><div class=\"wpex-slider-media wpex-relative\"><img width=\"1024\" height=\"600\" src=\"https:\/\/www.bermont.es\/wp-content\/uploads\/2023\/11\/MG_9445-copia-1024x600-2.png\" class=\"skip-lazy\" alt=\"\" data-no-lazy=\"1\" srcset=\"https:\/\/www.bermont.es\/wp-content\/uploads\/2023\/11\/MG_9445-copia-1024x600-2.png 1024w, https:\/\/www.bermont.es\/wp-content\/uploads\/2023\/11\/MG_9445-copia-1024x600-2-300x176.png 300w, https:\/\/www.bermont.es\/wp-content\/uploads\/2023\/11\/MG_9445-copia-1024x600-2-768x450.png 768w, https:\/\/www.bermont.es\/wp-content\/uploads\/2023\/11\/MG_9445-copia-1024x600-2-18x12.png 18w\" sizes=\"(max-width: 1024px) 100vw, 1024px\" \/><\/div><\/div><div class=\"wpex-slider-slide sp-slide\"><div class=\"wpex-slider-media wpex-relative\"><img width=\"1024\" height=\"600\" src=\"https:\/\/www.bermont.es\/wp-content\/uploads\/2023\/11\/MG_9444-copia-1024x600-1.png\" class=\"skip-lazy\" alt=\"\" data-no-lazy=\"1\" srcset=\"https:\/\/www.bermont.es\/wp-content\/uploads\/2023\/11\/MG_9444-copia-1024x600-1.png 1024w, https:\/\/www.bermont.es\/wp-content\/uploads\/2023\/11\/MG_9444-copia-1024x600-1-300x176.png 300w, https:\/\/www.bermont.es\/wp-content\/uploads\/2023\/11\/MG_9444-copia-1024x600-1-768x450.png 768w, https:\/\/www.bermont.es\/wp-content\/uploads\/2023\/11\/MG_9444-copia-1024x600-1-18x12.png 18w\" sizes=\"(max-width: 1024px) 100vw, 1024px\" \/><\/div><\/div><div class=\"wpex-slider-slide sp-slide\"><div class=\"wpex-slider-media wpex-relative\"><img width=\"1024\" height=\"600\" src=\"https:\/\/www.bermont.es\/wp-content\/uploads\/2023\/11\/descargar-1024x600-1.png\" class=\"skip-lazy\" alt=\"\" data-no-lazy=\"1\" srcset=\"https:\/\/www.bermont.es\/wp-content\/uploads\/2023\/11\/descargar-1024x600-1.png 1024w, https:\/\/www.bermont.es\/wp-content\/uploads\/2023\/11\/descargar-1024x600-1-300x176.png 300w, https:\/\/www.bermont.es\/wp-content\/uploads\/2023\/11\/descargar-1024x600-1-768x450.png 768w, https:\/\/www.bermont.es\/wp-content\/uploads\/2023\/11\/descargar-1024x600-1-18x12.png 18w\" sizes=\"(max-width: 1024px) 100vw, 1024px\" \/><\/div><\/div><div class=\"wpex-slider-slide sp-slide\"><div class=\"wpex-slider-media wpex-relative\"><img width=\"1200\" height=\"600\" src=\"https:\/\/www.bermont.es\/wp-content\/uploads\/2023\/11\/rotativa_rapida_edit.png\" class=\"skip-lazy\" alt=\"\" data-no-lazy=\"1\" srcset=\"https:\/\/www.bermont.es\/wp-content\/uploads\/2023\/11\/rotativa_rapida_edit.png 1200w, https:\/\/www.bermont.es\/wp-content\/uploads\/2023\/11\/rotativa_rapida_edit-300x150.png 300w, https:\/\/www.bermont.es\/wp-content\/uploads\/2023\/11\/rotativa_rapida_edit-1024x512.png 1024w, https:\/\/www.bermont.es\/wp-content\/uploads\/2023\/11\/rotativa_rapida_edit-768x384.png 768w, https:\/\/www.bermont.es\/wp-content\/uploads\/2023\/11\/rotativa_rapida_edit-18x9.png 18w\" sizes=\"(max-width: 1200px) 100vw, 1200px\" \/><\/div><\/div><\/div><\/div><div class=\"vcex-spacing wpex-w-100 wpex-clear\" style=\"height:20px;\"><\/div><\/div><\/div><\/div><\/div><div class=\"vc_row wpb_row vc_row-fluid vc_row-o-equal-height vc_row-flex wpex-relative\"><div class=\"wpb_column vc_column_container vc_col-sm-3\"><div class=\"vc_column-inner\"><div class=\"wpb_wrapper\">\n\t<div class=\"wpb_text_column wpb_content_element\" >\n\t\t<div class=\"wpb_wrapper\">\n\t\t\t<h2 class=\"nxs-title nxs-align-left nxs-heightiq nxs-heightiq-p1-title\">Contact information<\/h2>\n<div class=\"nxs-default-p nxs-applylinkvarcolor nxs-padding-bottom0 nxs-align-left nxs-heightiq nxs-heightiq-p1-text\">\n<div class=\"nxs-default-p nxs-applylinkvarcolor nxs-padding-bottom0 nxs-align-left nxs-heightiq nxs-heightiq-p1-text\">\n<p>Avenida de Alemania, 12<br \/>\nCentro Transportes Coslada<br \/>\n28821 Coslada (Madrid)<br \/>\nPhone: +34 916 707 150<\/div>\n<\/div>\n\n\t\t<\/div>\n\t<\/div>\n<\/div><\/div><\/div><div class=\"wpb_column vc_column_container vc_col-sm-9\"><div class=\"vc_column-inner\"><div class=\"wpb_wrapper\"><div class=\"wpb_gmaps_widget wpb_content_element\"><div class=\"wpb_wrapper\"><div class=\"wpb_map_wraper\"><iframe src=\"https:\/\/www.google.com\/maps\/embed?pb=!1m18!1m12!1m3!1d1518.3566504097196!2d-3.557222661025865!3d40.43734689285902!2m3!1f0!2f0!3f0!3m2!1i1024!2i768!4f13.1!3m3!1m2!1s0xd42306989529a13%3A0xb1ee07858fd31040!2sBermont%20Impresi%C3%B3n%2C%20S.L.!5e0!3m2!1ses!2ses!4v1696841915937!5m2!1ses!2ses\" width=\"600\" height=\"450\" style=\"border:0;\" allowfullscreen=\"\" loading=\"lazy\" referrerpolicy=\"no-referrer-when-downgrade\"><\/iframe><\/div><\/div><\/div><\/div><\/div><\/div><\/div><div class=\"vc_row wpb_row vc_row-fluid wpex-relative\"><div class=\"wpb_column vc_column_container vc_col-sm-12\"><div class=\"vc_column-inner\"><div class=\"wpb_wrapper\"><div class=\"vcex-grid-container vcex-module wpex-grid wpex-gap-20 wpex-grid-cols-1 wpex-sm-grid-cols-1 wpex-md-grid-cols-2 wpex-lg-grid-cols-4 wpex-xl-grid-cols-4\">\n\t<div class=\"wpb_raw_code wpb_raw_html wpb_content_element\" >\n\t\t<div class=\"wpb_wrapper\">\n\t\t\t\n\t\t<\/div>\n\t<\/div>\n<style>.vcex-feature-box.vcex_69ef95ce34ba2{text-align:center;padding:1rem;border:#ff0000 2pt solid;}.vcex-feature-box.vcex_69ef95ce34ba2 .vcex-feature-box-padding-container{padding-block:auto;}<\/style><div class=\"vcex-module vcex-feature-box vcex-feature-box--stackable wpex-flex wpex-flex-col wpex-sm-flex-row wpex-justify-between wpex-gap-30 left-image-right-content v-align-middle wpex-sm-items-center vcex_69ef95ce34ba2\"><div class=\"vcex-feature-box-media wpex-sm-w-50 wpex-sm-text-center\"><div class=\"vcex-feature-box-image wpex-relative\"><img loading=\"lazy\" class=\"wpex-align-middle wpex-object-cover\" decoding=\"async\" src=\"https:\/\/www.bermont.es\/wp-content\/uploads\/2024\/10\/PEFC-14-44-00021-124x200.png\" alt=\"\" srcset=\"https:\/\/www.bermont.es\/wp-content\/uploads\/2024\/10\/PEFC-14-44-00021-124x200.png 124w, https:\/\/www.bermont.es\/wp-content\/uploads\/2024\/10\/PEFC-14-44-00021-186x300.png 186w, https:\/\/www.bermont.es\/wp-content\/uploads\/2024\/10\/PEFC-14-44-00021-7x12.png 7w, https:\/\/www.bermont.es\/wp-content\/uploads\/2024\/10\/PEFC-14-44-00021.png 214w\" width=\"124\" height=\"200\"><\/div><\/div><div class=\"vcex-feature-box-content wpex-sm-w-50\"><div class=\"vcex-feature-box-padding-container\"><div class=\"vcex-feature-box-text wpex-last-mb-0 wpex-clr\"><p>Document: PEFC<\/p>\n<\/div><div class=\"vcex-feature-box-button wpex-mt-25\"><a href=\"https:\/\/www.bermont.es\/wp-content\/uploads\/2024\/10\/AEN-PEFC-COC-0143_ES-B-Impresion.pdf\" class=\"theme-button\" target=\"_blank\" rel=\"noopener noreferrer\">Download<\/a><\/div><\/div><\/div><\/div><style>.vcex-feature-box.vcex_69ef95ce357e1{text-align:center;padding:1rem;border:#ff0000 2pt solid;}.vcex-feature-box.vcex_69ef95ce357e1 .vcex-feature-box-padding-container{padding-block:auto;}<\/style><div class=\"vcex-module vcex-feature-box vcex-feature-box--stackable wpex-flex wpex-flex-col wpex-sm-flex-row wpex-justify-between wpex-gap-30 left-image-right-content v-align-middle wpex-sm-items-center vcex_69ef95ce357e1\"><div class=\"vcex-feature-box-media wpex-sm-w-50 wpex-sm-text-left\"><div class=\"vcex-feature-box-image wpex-relative\"><img width=\"800\" height=\"537\" src=\"https:\/\/www.bermont.es\/wp-content\/uploads\/2023\/10\/Politica-industrial-sin-texto.jpg\" class=\"wpex-align-middle wpex-object-cover\" alt=\"\" loading=\"lazy\" decoding=\"async\" srcset=\"https:\/\/www.bermont.es\/wp-content\/uploads\/2023\/10\/Politica-industrial-sin-texto.jpg 800w, https:\/\/www.bermont.es\/wp-content\/uploads\/2023\/10\/Politica-industrial-sin-texto-300x201.jpg 300w, https:\/\/www.bermont.es\/wp-content\/uploads\/2023\/10\/Politica-industrial-sin-texto-768x516.jpg 768w, https:\/\/www.bermont.es\/wp-content\/uploads\/2023\/10\/Politica-industrial-sin-texto-18x12.jpg 18w\" sizes=\"auto, (max-width: 800px) 100vw, 800px\" \/><\/div><\/div><div class=\"vcex-feature-box-content wpex-sm-w-50\"><div class=\"vcex-feature-box-padding-container\"><div class=\"vcex-feature-box-text wpex-last-mb-0 wpex-clr\"><p>Corporate industrial policy, 2014, Coslada<\/p>\n<\/div><div class=\"vcex-feature-box-button wpex-mt-25\"><a href=\"https:\/\/www.bermont.es\/wp-content\/uploads\/2023\/10\/madrid_Politica-Industrial-Corporativa-2014-Coslada.pdf\" class=\"theme-button\" target=\"_blank\" rel=\"noopener noreferrer\">Download<\/a><\/div><\/div><\/div><\/div>\n\t<div class=\"wpb_raw_code wpb_raw_html wpb_content_element\" >\n\t\t<div class=\"wpb_wrapper\">\n\t\t\t\n\t\t<\/div>\n\t<\/div>\n<\/div><\/div><\/div><\/div><\/div><div class=\"vc_row wpb_row vc_row-fluid wpex-relative\"><div class=\"wpb_column vc_column_container vc_col-sm-12\"><div class=\"vc_column-inner\"><div class=\"wpb_wrapper\">\n\t<div class=\"wpb_text_column wpb_content_element\" >\n\t\t<div class=\"wpb_wrapper\">\n\t\t\t\n\t\t<\/div>\n\t<\/div>\n<\/div><\/div><\/div><\/div><div class=\"vc_row wpb_row vc_row-fluid vc_custom_1690205849961 wpex-relative no-bottom-margins\" style=\"z-index:999!important;\"><div class=\"wpb_column vc_column_container vc_col-sm-2\"><div class=\"vc_column-inner\"><div class=\"wpb_wrapper\"><\/div><\/div><\/div><div class=\"wpb_column vc_column_container vc_col-sm-8\"><div class=\"vc_column-inner\"><div class=\"wpb_wrapper\"><div class=\"theme-button-wrap textcenter wpex-clr\"><a href=\"https:\/\/www.bermont.es\/en\/plantas-de-impresion\/\" class=\"vcex-button theme-button align-center inline\"><span class=\"vcex-button-inner theme-button-inner wpex-flex wpex-flex-wrap wpex-items-center wpex-justify-center\">Back to Bermont Prensa<\/span><\/a><\/div> <\/div><\/div><\/div><div class=\"wpb_column vc_column_container vc_col-sm-2\"><div class=\"vc_column-inner\"><div class=\"wpb_wrapper\"><\/div><\/div><\/div><\/div>\n<\/div>","protected":false},"excerpt":{"rendered":"Bermont Impresi\u00f3n Bermont Impresi\u00f3n est\u00e1 ubicada en la localidad de Coslada (Madrid). Desde su ubicaci\u00f3n, Bermont Impresi\u00f3n produce ejemplares para todo el territorio nacional. Bermont Impresi\u00f3n dispone de tres rotativas GOSS Universal, una rotativa KBA Comet y una MAN Colorman. Sus cinco l\u00edneas de producci\u00f3n de planchas CTP (Computer to Plate), permiten la impresi\u00f3n simult\u00e1nea&hellip;","protected":false},"author":4,"featured_media":0,"parent":0,"menu_order":0,"comment_status":"closed","ping_status":"closed","template":"","meta":{"footnotes":""},"class_list":["post-3078","page","type-page","status-publish","hentry","entry","no-media"],"yoast_head":"<!-- This site is optimized with the Yoast SEO Premium plugin v20.8 (Yoast SEO v27.4) - https:\/\/yoast.com\/product\/yoast-seo-premium-wordpress\/ -->\n<title>Bermont Impresi\u00f3n - Madrid - Corporaci\u00f3n Bermont<\/title>\n<meta name=\"description\" content=\"Disponemos de un equipo de dise\u00f1adores acreditados para hacer realidad las ideas de nuestros clientes.\" \/>\n<meta name=\"robots\" content=\"index, follow, max-snippet:-1, max-image-preview:large, max-video-preview:-1\" \/>\n<link rel=\"canonical\" href=\"https:\/\/www.bermont.es\/en\/bermont-impresion\/\" \/>\n<meta property=\"og:locale\" content=\"en_US\" \/>\n<meta property=\"og:type\" content=\"article\" \/>\n<meta property=\"og:title\" content=\"Bermont Impresi\u00f3n - Madrid\" \/>\n<meta property=\"og:description\" content=\"Disponemos de un equipo de dise\u00f1adores acreditados para hacer realidad las ideas de nuestros clientes.\" \/>\n<meta property=\"og:url\" content=\"https:\/\/www.bermont.es\/en\/bermont-impresion\/\" \/>\n<meta property=\"og:site_name\" content=\"Corporaci\u00f3n Bermont\" \/>\n<meta property=\"article:modified_time\" content=\"2024-10-21T18:01:08+00:00\" \/>\n<meta name=\"twitter:card\" content=\"summary_large_image\" \/>\n<meta name=\"twitter:label1\" content=\"Est. reading time\" \/>\n\t<meta name=\"twitter:data1\" content=\"2 minutes\" \/>\n<script type=\"application\/ld+json\" class=\"yoast-schema-graph\">{\"@context\":\"https:\\\/\\\/schema.org\",\"@graph\":[{\"@type\":\"WebPage\",\"@id\":\"https:\\\/\\\/www.bermont.es\\\/bermont-impresion\\\/\",\"url\":\"https:\\\/\\\/www.bermont.es\\\/bermont-impresion\\\/\",\"name\":\"Bermont Impresi\u00f3n - Madrid - Corporaci\u00f3n Bermont\",\"isPartOf\":{\"@id\":\"https:\\\/\\\/www.bermont.es\\\/#website\"},\"datePublished\":\"2023-10-05T07:22:40+00:00\",\"dateModified\":\"2024-10-21T18:01:08+00:00\",\"description\":\"Disponemos de un equipo de dise\u00f1adores acreditados para hacer realidad las ideas de nuestros clientes.\",\"breadcrumb\":{\"@id\":\"https:\\\/\\\/www.bermont.es\\\/bermont-impresion\\\/#breadcrumb\"},\"inLanguage\":\"en-US\",\"potentialAction\":[{\"@type\":\"ReadAction\",\"target\":[\"https:\\\/\\\/www.bermont.es\\\/bermont-impresion\\\/\"]}]},{\"@type\":\"BreadcrumbList\",\"@id\":\"https:\\\/\\\/www.bermont.es\\\/bermont-impresion\\\/#breadcrumb\",\"itemListElement\":[{\"@type\":\"ListItem\",\"position\":1,\"name\":\"Portada\",\"item\":\"https:\\\/\\\/www.bermont.es\\\/\"},{\"@type\":\"ListItem\",\"position\":2,\"name\":\"Bermont Impresi\u00f3n &#8211; Madrid\"}]},{\"@type\":\"WebSite\",\"@id\":\"https:\\\/\\\/www.bermont.es\\\/#website\",\"url\":\"https:\\\/\\\/www.bermont.es\\\/\",\"name\":\"Bermont Packaging\",\"description\":\"\",\"publisher\":{\"@id\":\"https:\\\/\\\/www.bermont.es\\\/#organization\"},\"potentialAction\":[{\"@type\":\"SearchAction\",\"target\":{\"@type\":\"EntryPoint\",\"urlTemplate\":\"https:\\\/\\\/www.bermont.es\\\/?s={search_term_string}\"},\"query-input\":{\"@type\":\"PropertyValueSpecification\",\"valueRequired\":true,\"valueName\":\"search_term_string\"}}],\"inLanguage\":\"en-US\"},{\"@type\":\"Organization\",\"@id\":\"https:\\\/\\\/www.bermont.es\\\/#organization\",\"name\":\"Bermont Packaging\",\"url\":\"https:\\\/\\\/www.bermont.es\\\/\",\"logo\":{\"@type\":\"ImageObject\",\"inLanguage\":\"en-US\",\"@id\":\"https:\\\/\\\/www.bermont.es\\\/#\\\/schema\\\/logo\\\/image\\\/\",\"url\":\"https:\\\/\\\/www.bermont.es\\\/wp-content\\\/uploads\\\/2023\\\/07\\\/LOGO-BERMONT-PACKAGING-1.png\",\"contentUrl\":\"https:\\\/\\\/www.bermont.es\\\/wp-content\\\/uploads\\\/2023\\\/07\\\/LOGO-BERMONT-PACKAGING-1.png\",\"width\":842,\"height\":595,\"caption\":\"Bermont Packaging\"},\"image\":{\"@id\":\"https:\\\/\\\/www.bermont.es\\\/#\\\/schema\\\/logo\\\/image\\\/\"},\"sameAs\":[\"https:\\\/\\\/www.linkedin.com\\\/company\\\/nersis-solutions\\\/\",\"https:\\\/\\\/youtube.com\\\/channel\\\/UCSAWW3sRo63VcFGWSRV2u7Q\"]}]}<\/script>\n<!-- \/ Yoast SEO Premium plugin. -->","yoast_head_json":{"title":"Bermont Impresi\u00f3n - Madrid - Corporaci\u00f3n Bermont","description":"We have a team of accredited designers to make our clients' ideas come true.","robots":{"index":"index","follow":"follow","max-snippet":"max-snippet:-1","max-image-preview":"max-image-preview:large","max-video-preview":"max-video-preview:-1"},"canonical":"https:\/\/www.bermont.es\/en\/bermont-impresion\/","og_locale":"en_US","og_type":"article","og_title":"Bermont Impresi\u00f3n - Madrid","og_description":"Disponemos de un equipo de dise\u00f1adores acreditados para hacer realidad las ideas de nuestros clientes.","og_url":"https:\/\/www.bermont.es\/en\/bermont-impresion\/","og_site_name":"Corporaci\u00f3n Bermont","article_modified_time":"2024-10-21T18:01:08+00:00","twitter_card":"summary_large_image","twitter_misc":{"Est. reading time":"2 minutes"},"schema":{"@context":"https:\/\/schema.org","@graph":[{"@type":"WebPage","@id":"https:\/\/www.bermont.es\/bermont-impresion\/","url":"https:\/\/www.bermont.es\/bermont-impresion\/","name":"Bermont Impresi\u00f3n - Madrid - Corporaci\u00f3n Bermont","isPartOf":{"@id":"https:\/\/www.bermont.es\/#website"},"datePublished":"2023-10-05T07:22:40+00:00","dateModified":"2024-10-21T18:01:08+00:00","description":"We have a team of accredited designers to make our clients' ideas come true.","breadcrumb":{"@id":"https:\/\/www.bermont.es\/bermont-impresion\/#breadcrumb"},"inLanguage":"en-US","potentialAction":[{"@type":"ReadAction","target":["https:\/\/www.bermont.es\/bermont-impresion\/"]}]},{"@type":"BreadcrumbList","@id":"https:\/\/www.bermont.es\/bermont-impresion\/#breadcrumb","itemListElement":[{"@type":"ListItem","position":1,"name":"Portada","item":"https:\/\/www.bermont.es\/"},{"@type":"ListItem","position":2,"name":"Bermont Impresi\u00f3n &#8211; Madrid"}]},{"@type":"WebSite","@id":"https:\/\/www.bermont.es\/#website","url":"https:\/\/www.bermont.es\/","name":"Bermont Packaging","description":"","publisher":{"@id":"https:\/\/www.bermont.es\/#organization"},"potentialAction":[{"@type":"SearchAction","target":{"@type":"EntryPoint","urlTemplate":"https:\/\/www.bermont.es\/?s={search_term_string}"},"query-input":{"@type":"PropertyValueSpecification","valueRequired":true,"valueName":"search_term_string"}}],"inLanguage":"en-US"},{"@type":"Organization","@id":"https:\/\/www.bermont.es\/#organization","name":"Bermont Packaging","url":"https:\/\/www.bermont.es\/","logo":{"@type":"ImageObject","inLanguage":"en-US","@id":"https:\/\/www.bermont.es\/#\/schema\/logo\/image\/","url":"https:\/\/www.bermont.es\/wp-content\/uploads\/2023\/07\/LOGO-BERMONT-PACKAGING-1.png","contentUrl":"https:\/\/www.bermont.es\/wp-content\/uploads\/2023\/07\/LOGO-BERMONT-PACKAGING-1.png","width":842,"height":595,"caption":"Bermont Packaging"},"image":{"@id":"https:\/\/www.bermont.es\/#\/schema\/logo\/image\/"},"sameAs":["https:\/\/www.linkedin.com\/company\/nersis-solutions\/","https:\/\/youtube.com\/channel\/UCSAWW3sRo63VcFGWSRV2u7Q"]}]}},"_links":{"self":[{"href":"https:\/\/www.bermont.es\/en\/wp-json\/wp\/v2\/pages\/3078","targetHints":{"allow":["GET"]}}],"collection":[{"href":"https:\/\/www.bermont.es\/en\/wp-json\/wp\/v2\/pages"}],"about":[{"href":"https:\/\/www.bermont.es\/en\/wp-json\/wp\/v2\/types\/page"}],"author":[{"embeddable":true,"href":"https:\/\/www.bermont.es\/en\/wp-json\/wp\/v2\/users\/4"}],"replies":[{"embeddable":true,"href":"https:\/\/www.bermont.es\/en\/wp-json\/wp\/v2\/comments?post=3078"}],"version-history":[{"count":40,"href":"https:\/\/www.bermont.es\/en\/wp-json\/wp\/v2\/pages\/3078\/revisions"}],"predecessor-version":[{"id":4721,"href":"https:\/\/www.bermont.es\/en\/wp-json\/wp\/v2\/pages\/3078\/revisions\/4721"}],"wp:attachment":[{"href":"https:\/\/www.bermont.es\/en\/wp-json\/wp\/v2\/media?parent=3078"}],"curies":[{"name":"wp","href":"https:\/\/api.w.org\/{rel}","templated":true}]}}