{"id":3086,"date":"2023-10-05T09:28:02","date_gmt":"2023-10-05T07:28:02","guid":{"rendered":"https:\/\/www.bermont.es\/?page_id=3086"},"modified":"2026-03-04T13:43:33","modified_gmt":"2026-03-04T11:43:33","slug":"recoprint-sagunto","status":"publish","type":"page","link":"https:\/\/www.bermont.es\/en\/recoprint-sagunto\/","title":{"rendered":"Recoprint Sagunto &#8211; Valencia"},"content":{"rendered":"<div class=\"wpb-content-wrapper\"><div class=\"vc_row wpb_row vc_row-fluid wpex-relative\"><div class=\"wpb_column vc_column_container vc_col-sm-12\"><div class=\"vc_column-inner\"><div class=\"wpb_wrapper\">\n\t<div class=\"wpb_text_column wpb_content_element\" >\n\t\t<div class=\"wpb_wrapper\">\n\t\t\t<div id=\"nxs-pagerow-prid257976951\" class=\"nxs-row nxs-not-unistyled nxs-rowtemplate-one\">\n<div class=\"nxs-row-container nxs-containsimmediatehovermenu nxs-row1\">\n<div class=\"ABC nxs-height100\">\n<div class=\"XYZ\">\n<div class=\"nxs-placeholder-content-wrap nxs-crop\">\n<div id=\"nxs-widget-l1830243529\" class=\"nxs-widget nxs-widget-l1830243529 nxs-wordpress-title\">\n<div id=\"nxs-pagerow-prid286504965\" class=\"nxs-row nxs-not-unistyled nxs-rowtemplate-one\">\n<div class=\"nxs-row-container nxs-containsimmediatehovermenu nxs-row1\">\n<div class=\"ABC nxs-height100\">\n<div class=\"XYZ\">\n<div class=\"nxs-placeholder-content-wrap nxs-crop\">\n<div id=\"nxs-widget-l512627316\" class=\"nxs-widget nxs-widget-l512627316 nxs-wordpress-title\">\n<div id=\"nxs-pagerow-prid286504965\" class=\"nxs-row nxs-not-unistyled nxs-rowtemplate-one\">\n<div class=\"nxs-row-container nxs-containsimmediatehovermenu nxs-row1\">\n<div class=\"ABC nxs-height100\">\n<div class=\"XYZ\">\n<div class=\"nxs-placeholder-content-wrap nxs-crop\">\n<div id=\"nxs-widget-l512627316\" class=\"nxs-widget nxs-widget-l512627316 nxs-wordpress-title\">\n<div class=\"ABC nxs-height100\">\n<div class=\"XYZ\">\n<div class=\"nxs-placeholder-content-wrap nxs-crop\">\n<div id=\"nxs-widget-l959685197\" class=\"nxs-widget nxs-widget-l959685197 nxs-wordpress-title\">\n<h1 class=\"nxs-title nxs-head-fontsize-3-0\" style=\"text-align: center;\">Recoprint Sagunto<\/h1>\n<\/div>\n<\/div>\n<\/div>\n<\/div>\n<\/div>\n<\/div>\n<\/div>\n<\/div>\n<\/div>\n<\/div>\n<\/div>\n<\/div>\n<\/div>\n<div class=\"XYZ\">\n<div class=\"nxs-placeholder-content-wrap nxs-crop\">\n<div id=\"nxs-widget-l296920823\" class=\"nxs-widget nxs-widget-l296920823 nxs-text\"><\/div>\n<\/div>\n<\/div>\n<\/div>\n<\/div>\n<\/div>\n<div id=\"nxs-pagerow-1213868452\" class=\"nxs-row nxs-not-unistyled nxs-rowtemplate-one\">\n<div class=\"nxs-row-container nxs-containsimmediatehovermenu nxs-row1\"><\/div>\n<\/div>\n<\/div>\n<\/div>\n<\/div>\n<\/div>\n<\/div>\n<\/div>\n\n\t\t<\/div>\n\t<\/div>\n<div class=\"vcex-spacing wpex-w-100 wpex-clear\"><\/div>\n\t<div style=\"font-size:16px;\" class=\"wpb_text_column wpb_content_element\" >\n\t\t<div class=\"wpb_wrapper\">\n\t\t\t<div class=\"ABC nxs-height100\">\n<div class=\"XYZ\">\n<div class=\"nxs-placeholder-content-wrap nxs-crop\">\n<div id=\"nxs-widget-l296920823\" class=\"nxs-widget nxs-widget-l296920823 nxs-text\">\n<div class=\"nxs-default-p nxs-applylinkvarcolor nxs-padding-bottom0 nxs-align-left\">\n<div id=\"nxs-pagerow-prid286504965\" class=\"nxs-row nxs-not-unistyled nxs-rowtemplate-one\">\n<div class=\"nxs-row-container nxs-containsimmediatehovermenu nxs-row1\">\n<div class=\"ABC nxs-height100\">\n<div class=\"XYZ\">\n<div class=\"nxs-placeholder-content-wrap nxs-crop\">\n<div id=\"nxs-widget-l512627316\" class=\"nxs-widget nxs-widget-l512627316 nxs-wordpress-title\">\n<div class=\"nxs-clear\" style=\"text-align: justify;\">\n<p style=\"text-align: center;\" align=\"center\">Recoprint Sagunto is located in Sagunto (Valencia). Recoprint Sagunto has a Mitsubishi press and a KBA Comet press. It also has three complete CTP (Computer to Plate) lines in prepress. The semi-automatic inserting system together with the stacking and tying lines enables Recoprint Sagunto to make perfect deliveries for transport and distribution.<\/p>\n<\/div>\n<\/div>\n<\/div>\n<\/div>\n<\/div>\n<\/div>\n<\/div>\n<\/div>\n<\/div>\n<\/div>\n<\/div>\n<\/div>\n\n\t\t<\/div>\n\t<\/div>\n<div class=\"vcex-spacing wpex-w-100 wpex-clear\"><\/div><div class=\"wpex-slider-preloaderimg wpex-relative\"><img width=\"1024\" height=\"600\" src=\"https:\/\/www.bermont.es\/wp-content\/uploads\/2023\/11\/sagunto-1024x600-1.png\" class=\"skip-lazy\" alt=\"\" data-no-lazy=\"1\" srcset=\"https:\/\/www.bermont.es\/wp-content\/uploads\/2023\/11\/sagunto-1024x600-1.png 1024w, https:\/\/www.bermont.es\/wp-content\/uploads\/2023\/11\/sagunto-1024x600-1-300x176.png 300w, https:\/\/www.bermont.es\/wp-content\/uploads\/2023\/11\/sagunto-1024x600-1-768x450.png 768w, https:\/\/www.bermont.es\/wp-content\/uploads\/2023\/11\/sagunto-1024x600-1-18x12.png 18w\" sizes=\"(max-width: 1024px) 100vw, 1024px\" \/><\/div><div class=\"vcex-image-slider vcex-module wpex-slider slider-pro wpex-clr\" data-loop=\"true\" data-auto-play-delay=\"5000\" data-animation-speed=\"600\" data-auto-height=\"false\" data-thumbnail-height=\"70\" data-thumbnail-width=\"70\"><div class=\"wpex-slider-slides sp-slides\"><div class=\"wpex-slider-slide sp-slide\"><div class=\"wpex-slider-media wpex-relative\"><img width=\"1024\" height=\"600\" src=\"https:\/\/www.bermont.es\/wp-content\/uploads\/2023\/11\/sagunto-1024x600-1.png\" class=\"skip-lazy\" alt=\"\" data-no-lazy=\"1\" srcset=\"https:\/\/www.bermont.es\/wp-content\/uploads\/2023\/11\/sagunto-1024x600-1.png 1024w, https:\/\/www.bermont.es\/wp-content\/uploads\/2023\/11\/sagunto-1024x600-1-300x176.png 300w, https:\/\/www.bermont.es\/wp-content\/uploads\/2023\/11\/sagunto-1024x600-1-768x450.png 768w, https:\/\/www.bermont.es\/wp-content\/uploads\/2023\/11\/sagunto-1024x600-1-18x12.png 18w\" sizes=\"(max-width: 1024px) 100vw, 1024px\" \/><\/div><\/div><div class=\"wpex-slider-slide sp-slide\"><div class=\"wpex-slider-media wpex-relative\"><img width=\"1024\" height=\"600\" src=\"https:\/\/www.bermont.es\/wp-content\/uploads\/2024\/01\/rotativa_empresa_2_final.jpg\" class=\"skip-lazy\" alt=\"\" data-no-lazy=\"1\" srcset=\"https:\/\/www.bermont.es\/wp-content\/uploads\/2024\/01\/rotativa_empresa_2_final.jpg 1024w, https:\/\/www.bermont.es\/wp-content\/uploads\/2024\/01\/rotativa_empresa_2_final-300x176.jpg 300w, https:\/\/www.bermont.es\/wp-content\/uploads\/2024\/01\/rotativa_empresa_2_final-768x450.jpg 768w, https:\/\/www.bermont.es\/wp-content\/uploads\/2024\/01\/rotativa_empresa_2_final-18x12.jpg 18w\" sizes=\"(max-width: 1024px) 100vw, 1024px\" \/><\/div><\/div><div class=\"wpex-slider-slide sp-slide\"><div class=\"wpex-slider-media wpex-relative\"><img width=\"1024\" height=\"600\" src=\"https:\/\/www.bermont.es\/wp-content\/uploads\/2023\/11\/Embudos_1366x800.png\" class=\"skip-lazy\" alt=\"\" data-no-lazy=\"1\" srcset=\"https:\/\/www.bermont.es\/wp-content\/uploads\/2023\/11\/Embudos_1366x800.png 1024w, https:\/\/www.bermont.es\/wp-content\/uploads\/2023\/11\/Embudos_1366x800-300x176.png 300w, https:\/\/www.bermont.es\/wp-content\/uploads\/2023\/11\/Embudos_1366x800-768x450.png 768w, https:\/\/www.bermont.es\/wp-content\/uploads\/2023\/11\/Embudos_1366x800-18x12.png 18w\" sizes=\"(max-width: 1024px) 100vw, 1024px\" \/><\/div><\/div><div class=\"wpex-slider-slide sp-slide\"><div class=\"wpex-slider-media wpex-relative\"><img width=\"1022\" height=\"600\" src=\"https:\/\/www.bermont.es\/wp-content\/uploads\/2023\/11\/no-presente-3-1-1022x600-1.png\" class=\"skip-lazy\" alt=\"\" data-no-lazy=\"1\" srcset=\"https:\/\/www.bermont.es\/wp-content\/uploads\/2023\/11\/no-presente-3-1-1022x600-1.png 1022w, https:\/\/www.bermont.es\/wp-content\/uploads\/2023\/11\/no-presente-3-1-1022x600-1-300x176.png 300w, https:\/\/www.bermont.es\/wp-content\/uploads\/2023\/11\/no-presente-3-1-1022x600-1-768x451.png 768w, https:\/\/www.bermont.es\/wp-content\/uploads\/2023\/11\/no-presente-3-1-1022x600-1-18x12.png 18w\" sizes=\"(max-width: 1022px) 100vw, 1022px\" \/><\/div><\/div><div class=\"wpex-slider-slide sp-slide\"><div class=\"wpex-slider-media wpex-relative\"><img width=\"1024\" height=\"600\" src=\"https:\/\/www.bermont.es\/wp-content\/uploads\/2023\/11\/Banda-de-papel_1-scaled-1024x600-1.jpg\" class=\"skip-lazy\" alt=\"\" data-no-lazy=\"1\" srcset=\"https:\/\/www.bermont.es\/wp-content\/uploads\/2023\/11\/Banda-de-papel_1-scaled-1024x600-1.jpg 1024w, https:\/\/www.bermont.es\/wp-content\/uploads\/2023\/11\/Banda-de-papel_1-scaled-1024x600-1-300x176.jpg 300w, https:\/\/www.bermont.es\/wp-content\/uploads\/2023\/11\/Banda-de-papel_1-scaled-1024x600-1-768x450.jpg 768w, https:\/\/www.bermont.es\/wp-content\/uploads\/2023\/11\/Banda-de-papel_1-scaled-1024x600-1-18x12.jpg 18w\" sizes=\"(max-width: 1024px) 100vw, 1024px\" \/><\/div><\/div><\/div><\/div><div class=\"vcex-spacing wpex-w-100 wpex-clear\" style=\"height:20px;\"><\/div><\/div><\/div><\/div><\/div><div class=\"vc_row wpb_row vc_row-fluid wpex-relative\"><div class=\"wpb_column vc_column_container vc_col-sm-3\"><div class=\"vc_column-inner\"><div class=\"wpb_wrapper\">\n\t<div class=\"wpb_text_column wpb_content_element\" >\n\t\t<div class=\"wpb_wrapper\">\n\t\t\t<h2 class=\"nxs-title nxs-align-left nxs-heightiq nxs-heightiq-p1-title\">Contact information<\/h2>\n<div class=\"nxs-default-p nxs-applylinkvarcolor nxs-padding-bottom0 nxs-align-left nxs-heightiq nxs-heightiq-p1-text\">\n<div class=\"nxs-default-p nxs-applylinkvarcolor nxs-padding-bottom0 nxs-align-left nxs-heightiq nxs-heightiq-p1-text\">\n<p>Pol\u00edgono Industrial SEPES<br \/>\nCalle Benjamin Franklin, Parcela 5<br \/>\n46520 Sagunto (Valencia)<br \/>\nTel\u00e9fono: +34 962 665 317<\/div>\n<\/div>\n\n\t\t<\/div>\n\t<\/div>\n<\/div><\/div><\/div><div class=\"wpb_column vc_column_container vc_col-sm-9\"><div class=\"vc_column-inner\"><div class=\"wpb_wrapper\"><div class=\"wpb_gmaps_widget wpb_content_element\"><div class=\"wpb_wrapper\"><div class=\"wpb_map_wraper\"><iframe src=\"https:\/\/www.google.com\/maps\/embed?pb=!1m14!1m8!1m3!1d3071.1433254822346!2d-0.2658783!3d39.6689904!3m2!1i1024!2i768!4f13.1!3m3!1m2!1s0xd601575a5678481%3A0xc37a7cf8ca79be76!2sRecoprint%20Sagunto%20S.L.!5e0!3m2!1ses!2ses!4v1696490859410!5m2!1ses!2ses\" width=\"600\" height=\"450\" style=\"border:0;\" allowfullscreen=\"\" loading=\"lazy\" referrerpolicy=\"no-referrer-when-downgrade\"><\/iframe><\/div><\/div><\/div><\/div><\/div><\/div><\/div><div class=\"vc_row wpb_row vc_row-fluid wpex-relative\"><div class=\"wpb_column vc_column_container vc_col-sm-12\"><div class=\"vc_column-inner\"><div class=\"wpb_wrapper\"><div class=\"vcex-grid-container vcex-module wpex-grid wpex-gap-20 wpex-grid-cols-1 wpex-sm-grid-cols-1 wpex-md-grid-cols-2 wpex-lg-grid-cols-3 wpex-xl-grid-cols-3\"><style>.vcex-feature-box.vcex_69d4c10e18404{text-align:center;padding:1rem;border:#ff0000 2pt solid;}.vcex-feature-box.vcex_69d4c10e18404 .vcex-feature-box-padding-container{padding-block:auto;}<\/style><div class=\"vcex-module vcex-feature-box vcex-feature-box--stackable wpex-flex wpex-flex-col wpex-sm-flex-row wpex-justify-between wpex-gap-30 left-image-right-content v-align-middle wpex-sm-items-center vcex_69d4c10e18404\"><div class=\"vcex-feature-box-media wpex-sm-w-50 wpex-sm-text-center\"><div class=\"vcex-feature-box-image wpex-relative\"><img loading=\"lazy\" class=\"wpex-align-middle wpex-object-cover\" decoding=\"async\" src=\"https:\/\/www.bermont.es\/wp-content\/uploads\/2024\/10\/PEFC-14-44-00021-124x200.png\" alt=\"\" srcset=\"https:\/\/www.bermont.es\/wp-content\/uploads\/2024\/10\/PEFC-14-44-00021-124x200.png 124w, https:\/\/www.bermont.es\/wp-content\/uploads\/2024\/10\/PEFC-14-44-00021-186x300.png 186w, https:\/\/www.bermont.es\/wp-content\/uploads\/2024\/10\/PEFC-14-44-00021-7x12.png 7w, https:\/\/www.bermont.es\/wp-content\/uploads\/2024\/10\/PEFC-14-44-00021.png 214w\" width=\"124\" height=\"200\"><\/div><\/div><div class=\"vcex-feature-box-content wpex-sm-w-50\"><div class=\"vcex-feature-box-padding-container\"><div class=\"vcex-feature-box-text wpex-last-mb-0 wpex-clr\"><p>Documento: PEFC<\/p>\n<\/div><div class=\"vcex-feature-box-button wpex-mt-25\"><a href=\"https:\/\/www.bermont.es\/wp-content\/uploads\/2024\/10\/AEN-PEFC-COC-0143_ES-R-Sagunto.pdf\" class=\"theme-button\" target=\"_blank\" rel=\"noopener noreferrer\">Download<\/a><\/div><\/div><\/div><\/div><style>.vcex-feature-box.vcex_69d4c10e18fbd{text-align:center;padding:1rem;border:#ff0000 2pt solid;}.vcex-feature-box.vcex_69d4c10e18fbd .vcex-feature-box-padding-container{padding-block:auto;}<\/style><div class=\"vcex-module vcex-feature-box vcex-feature-box--stackable wpex-flex wpex-flex-col wpex-sm-flex-row wpex-justify-between wpex-gap-30 left-image-right-content v-align-middle wpex-sm-items-center vcex_69d4c10e18fbd\"><div class=\"vcex-feature-box-media wpex-sm-w-50 wpex-sm-text-left\"><div class=\"vcex-feature-box-image wpex-relative\"><img width=\"800\" height=\"537\" src=\"https:\/\/www.bermont.es\/wp-content\/uploads\/2023\/10\/Politica-industrial-sin-texto.jpg\" class=\"wpex-align-middle wpex-object-cover\" alt=\"\" loading=\"lazy\" decoding=\"async\" srcset=\"https:\/\/www.bermont.es\/wp-content\/uploads\/2023\/10\/Politica-industrial-sin-texto.jpg 800w, https:\/\/www.bermont.es\/wp-content\/uploads\/2023\/10\/Politica-industrial-sin-texto-300x201.jpg 300w, https:\/\/www.bermont.es\/wp-content\/uploads\/2023\/10\/Politica-industrial-sin-texto-768x516.jpg 768w, https:\/\/www.bermont.es\/wp-content\/uploads\/2023\/10\/Politica-industrial-sin-texto-18x12.jpg 18w\" sizes=\"auto, (max-width: 800px) 100vw, 800px\" \/><\/div><\/div><div class=\"vcex-feature-box-content wpex-sm-w-50\"><div class=\"vcex-feature-box-padding-container\"><div class=\"vcex-feature-box-text wpex-last-mb-0 wpex-clr\"><p>Corporate industrial policy, 2014, Sagunto<\/p>\n<\/div><div class=\"vcex-feature-box-button wpex-mt-25\"><a href=\"https:\/\/www.bermont.es\/wp-content\/uploads\/2023\/10\/valencia_Politica-Industrial-Corporativa-2014-Sagunto.pdf\" class=\"theme-button\" target=\"_blank\" rel=\"noopener noreferrer\">Download<\/a><\/div><\/div><\/div><\/div><style>.vcex-feature-box.vcex_69d4c10e1982e{text-align:center;padding:1rem;border:#ff0000 2pt solid;}.vcex-feature-box.vcex_69d4c10e1982e .vcex-feature-box-padding-container{padding-block:auto;}<\/style><div class=\"vcex-module vcex-feature-box vcex-feature-box--stackable wpex-flex wpex-flex-col wpex-sm-flex-row wpex-justify-between wpex-gap-30 left-image-right-content v-align-middle wpex-sm-items-center vcex_69d4c10e1982e\"><div class=\"vcex-feature-box-media wpex-sm-w-50 wpex-sm-text-center\"><div class=\"vcex-feature-box-image wpex-relative\"><img loading=\"lazy\" class=\"wpex-align-middle wpex-object-cover\" decoding=\"async\" src=\"https:\/\/www.bermont.es\/wp-content\/uploads\/2023\/10\/lugo_LOGO_SGC-R.-Rabade-V1-96x200.jpg\" alt=\"\" srcset=\"https:\/\/www.bermont.es\/wp-content\/uploads\/2023\/10\/lugo_LOGO_SGC-R.-Rabade-V1-96x200.jpg 96w, https:\/\/www.bermont.es\/wp-content\/uploads\/2023\/10\/lugo_LOGO_SGC-R.-Rabade-V1-145x300.jpg 145w, https:\/\/www.bermont.es\/wp-content\/uploads\/2023\/10\/lugo_LOGO_SGC-R.-Rabade-V1-494x1024.jpg 494w, https:\/\/www.bermont.es\/wp-content\/uploads\/2023\/10\/lugo_LOGO_SGC-R.-Rabade-V1-740x1536.jpg 740w, https:\/\/www.bermont.es\/wp-content\/uploads\/2023\/10\/lugo_LOGO_SGC-R.-Rabade-V1-6x12.jpg 6w, https:\/\/www.bermont.es\/wp-content\/uploads\/2023\/10\/lugo_LOGO_SGC-R.-Rabade-V1-48x100.jpg 48w, https:\/\/www.bermont.es\/wp-content\/uploads\/2023\/10\/lugo_LOGO_SGC-R.-Rabade-V1-241x500.jpg 241w, https:\/\/www.bermont.es\/wp-content\/uploads\/2023\/10\/lugo_LOGO_SGC-R.-Rabade-V1-193x400.jpg 193w, https:\/\/www.bermont.es\/wp-content\/uploads\/2023\/10\/lugo_LOGO_SGC-R.-Rabade-V1.jpg 747w\" width=\"96\" height=\"200\"><\/div><\/div><div class=\"vcex-feature-box-content wpex-sm-w-50\"><div class=\"vcex-feature-box-padding-container\"><div class=\"vcex-feature-box-text wpex-last-mb-0 wpex-clr\"><p>Document: ER 0739-2003 Certificate<\/p>\n<\/div><div class=\"vcex-feature-box-button wpex-mt-25\"><a href=\"https:\/\/www.bermont.es\/wp-content\/uploads\/2026\/03\/AENOR-ER-07392003-26-05-2024-ES-04-04-202.pdf\" class=\"theme-button\" target=\"_blank\" rel=\"noopener noreferrer\">Download<\/a><\/div><\/div><\/div><\/div><\/div><\/div><\/div><\/div><\/div><div class=\"vc_row wpb_row vc_row-fluid vc_custom_1690205849961 wpex-relative no-bottom-margins\" style=\"z-index:999!important;\"><div class=\"wpb_column vc_column_container vc_col-sm-2\"><div class=\"vc_column-inner\"><div class=\"wpb_wrapper\"><\/div><\/div><\/div><div class=\"wpb_column vc_column_container vc_col-sm-8\"><div class=\"vc_column-inner\"><div class=\"wpb_wrapper\"><div class=\"theme-button-wrap textcenter wpex-clr\"><a href=\"https:\/\/www.bermont.es\/en\/plantas-de-impresion\/\" class=\"vcex-button theme-button align-center inline\"><span class=\"vcex-button-inner theme-button-inner wpex-flex wpex-flex-wrap wpex-items-center wpex-justify-center\">Back to Bermont Prensa<\/span><\/a><\/div> <\/div><\/div><\/div><div class=\"wpb_column vc_column_container vc_col-sm-2\"><div class=\"vc_column-inner\"><div class=\"wpb_wrapper\"><\/div><\/div><\/div><\/div>\n<\/div>","protected":false},"excerpt":{"rendered":"Recoprint Sagunto Recoprint Sagunto est\u00e1 ubicada en Sagunto (Valencia). Recoprint Sagunto cuenta con una rotativa Mitsubishi y una rotativa KBA Comet. Dispone adem\u00e1s de tres l\u00edneas completas de CTP (Computer to Plate) en preimpresi\u00f3n. El sistema de encarte semiautom\u00e1tico junto con las l\u00edneas de apilado y atado capacitan a Recoprint Sagunto para hacer que las&hellip;","protected":false},"author":4,"featured_media":0,"parent":0,"menu_order":0,"comment_status":"closed","ping_status":"closed","template":"","meta":{"footnotes":""},"class_list":["post-3086","page","type-page","status-publish","hentry","entry","no-media"],"yoast_head":"<!-- This site is optimized with the Yoast SEO Premium plugin v20.8 (Yoast SEO v27.3) - https:\/\/yoast.com\/product\/yoast-seo-premium-wordpress\/ -->\n<title>Recoprint Sagunto - Valencia - Corporaci\u00f3n Bermont<\/title>\n<meta name=\"description\" content=\"Disponemos de un equipo de dise\u00f1adores acreditados para hacer realidad las ideas de nuestros clientes.\" \/>\n<meta name=\"robots\" content=\"index, follow, max-snippet:-1, max-image-preview:large, max-video-preview:-1\" \/>\n<link rel=\"canonical\" href=\"https:\/\/www.bermont.es\/en\/recoprint-sagunto\/\" \/>\n<meta property=\"og:locale\" content=\"en_US\" \/>\n<meta property=\"og:type\" content=\"article\" \/>\n<meta property=\"og:title\" content=\"Recoprint Sagunto - Valencia\" \/>\n<meta property=\"og:description\" content=\"Disponemos de un equipo de dise\u00f1adores acreditados para hacer realidad las ideas de nuestros clientes.\" \/>\n<meta property=\"og:url\" content=\"https:\/\/www.bermont.es\/en\/recoprint-sagunto\/\" \/>\n<meta property=\"og:site_name\" content=\"Corporaci\u00f3n Bermont\" \/>\n<meta property=\"article:modified_time\" content=\"2026-03-04T11:43:33+00:00\" \/>\n<meta name=\"twitter:card\" content=\"summary_large_image\" \/>\n<meta name=\"twitter:label1\" content=\"Est. reading time\" \/>\n\t<meta name=\"twitter:data1\" content=\"2 minutes\" \/>\n<script type=\"application\/ld+json\" class=\"yoast-schema-graph\">{\"@context\":\"https:\\\/\\\/schema.org\",\"@graph\":[{\"@type\":\"WebPage\",\"@id\":\"https:\\\/\\\/www.bermont.es\\\/recoprint-sagunto\\\/\",\"url\":\"https:\\\/\\\/www.bermont.es\\\/recoprint-sagunto\\\/\",\"name\":\"Recoprint Sagunto - Valencia - Corporaci\u00f3n Bermont\",\"isPartOf\":{\"@id\":\"https:\\\/\\\/www.bermont.es\\\/#website\"},\"datePublished\":\"2023-10-05T07:28:02+00:00\",\"dateModified\":\"2026-03-04T11:43:33+00:00\",\"description\":\"Disponemos de un equipo de dise\u00f1adores acreditados para hacer realidad las ideas de nuestros clientes.\",\"breadcrumb\":{\"@id\":\"https:\\\/\\\/www.bermont.es\\\/recoprint-sagunto\\\/#breadcrumb\"},\"inLanguage\":\"en-US\",\"potentialAction\":[{\"@type\":\"ReadAction\",\"target\":[\"https:\\\/\\\/www.bermont.es\\\/recoprint-sagunto\\\/\"]}]},{\"@type\":\"BreadcrumbList\",\"@id\":\"https:\\\/\\\/www.bermont.es\\\/recoprint-sagunto\\\/#breadcrumb\",\"itemListElement\":[{\"@type\":\"ListItem\",\"position\":1,\"name\":\"Portada\",\"item\":\"https:\\\/\\\/www.bermont.es\\\/\"},{\"@type\":\"ListItem\",\"position\":2,\"name\":\"Recoprint Sagunto &#8211; Valencia\"}]},{\"@type\":\"WebSite\",\"@id\":\"https:\\\/\\\/www.bermont.es\\\/#website\",\"url\":\"https:\\\/\\\/www.bermont.es\\\/\",\"name\":\"Bermont Packaging\",\"description\":\"\",\"publisher\":{\"@id\":\"https:\\\/\\\/www.bermont.es\\\/#organization\"},\"potentialAction\":[{\"@type\":\"SearchAction\",\"target\":{\"@type\":\"EntryPoint\",\"urlTemplate\":\"https:\\\/\\\/www.bermont.es\\\/?s={search_term_string}\"},\"query-input\":{\"@type\":\"PropertyValueSpecification\",\"valueRequired\":true,\"valueName\":\"search_term_string\"}}],\"inLanguage\":\"en-US\"},{\"@type\":\"Organization\",\"@id\":\"https:\\\/\\\/www.bermont.es\\\/#organization\",\"name\":\"Bermont Packaging\",\"url\":\"https:\\\/\\\/www.bermont.es\\\/\",\"logo\":{\"@type\":\"ImageObject\",\"inLanguage\":\"en-US\",\"@id\":\"https:\\\/\\\/www.bermont.es\\\/#\\\/schema\\\/logo\\\/image\\\/\",\"url\":\"https:\\\/\\\/www.bermont.es\\\/wp-content\\\/uploads\\\/2023\\\/07\\\/LOGO-BERMONT-PACKAGING-1.png\",\"contentUrl\":\"https:\\\/\\\/www.bermont.es\\\/wp-content\\\/uploads\\\/2023\\\/07\\\/LOGO-BERMONT-PACKAGING-1.png\",\"width\":842,\"height\":595,\"caption\":\"Bermont Packaging\"},\"image\":{\"@id\":\"https:\\\/\\\/www.bermont.es\\\/#\\\/schema\\\/logo\\\/image\\\/\"},\"sameAs\":[\"https:\\\/\\\/www.linkedin.com\\\/company\\\/nersis-solutions\\\/\",\"https:\\\/\\\/youtube.com\\\/channel\\\/UCSAWW3sRo63VcFGWSRV2u7Q\"]}]}<\/script>\n<!-- \/ Yoast SEO Premium plugin. -->","yoast_head_json":{"title":"Recoprint Sagunto - Valencia - Corporaci\u00f3n Bermont","description":"We have a team of accredited designers to make our clients' ideas come true.","robots":{"index":"index","follow":"follow","max-snippet":"max-snippet:-1","max-image-preview":"max-image-preview:large","max-video-preview":"max-video-preview:-1"},"canonical":"https:\/\/www.bermont.es\/en\/recoprint-sagunto\/","og_locale":"en_US","og_type":"article","og_title":"Recoprint Sagunto - Valencia","og_description":"Disponemos de un equipo de dise\u00f1adores acreditados para hacer realidad las ideas de nuestros clientes.","og_url":"https:\/\/www.bermont.es\/en\/recoprint-sagunto\/","og_site_name":"Corporaci\u00f3n Bermont","article_modified_time":"2026-03-04T11:43:33+00:00","twitter_card":"summary_large_image","twitter_misc":{"Est. reading time":"2 minutes"},"schema":{"@context":"https:\/\/schema.org","@graph":[{"@type":"WebPage","@id":"https:\/\/www.bermont.es\/recoprint-sagunto\/","url":"https:\/\/www.bermont.es\/recoprint-sagunto\/","name":"Recoprint Sagunto - Valencia - Corporaci\u00f3n Bermont","isPartOf":{"@id":"https:\/\/www.bermont.es\/#website"},"datePublished":"2023-10-05T07:28:02+00:00","dateModified":"2026-03-04T11:43:33+00:00","description":"We have a team of accredited designers to make our clients' ideas come true.","breadcrumb":{"@id":"https:\/\/www.bermont.es\/recoprint-sagunto\/#breadcrumb"},"inLanguage":"en-US","potentialAction":[{"@type":"ReadAction","target":["https:\/\/www.bermont.es\/recoprint-sagunto\/"]}]},{"@type":"BreadcrumbList","@id":"https:\/\/www.bermont.es\/recoprint-sagunto\/#breadcrumb","itemListElement":[{"@type":"ListItem","position":1,"name":"Portada","item":"https:\/\/www.bermont.es\/"},{"@type":"ListItem","position":2,"name":"Recoprint Sagunto &#8211; Valencia"}]},{"@type":"WebSite","@id":"https:\/\/www.bermont.es\/#website","url":"https:\/\/www.bermont.es\/","name":"Bermont Packaging","description":"","publisher":{"@id":"https:\/\/www.bermont.es\/#organization"},"potentialAction":[{"@type":"SearchAction","target":{"@type":"EntryPoint","urlTemplate":"https:\/\/www.bermont.es\/?s={search_term_string}"},"query-input":{"@type":"PropertyValueSpecification","valueRequired":true,"valueName":"search_term_string"}}],"inLanguage":"en-US"},{"@type":"Organization","@id":"https:\/\/www.bermont.es\/#organization","name":"Bermont Packaging","url":"https:\/\/www.bermont.es\/","logo":{"@type":"ImageObject","inLanguage":"en-US","@id":"https:\/\/www.bermont.es\/#\/schema\/logo\/image\/","url":"https:\/\/www.bermont.es\/wp-content\/uploads\/2023\/07\/LOGO-BERMONT-PACKAGING-1.png","contentUrl":"https:\/\/www.bermont.es\/wp-content\/uploads\/2023\/07\/LOGO-BERMONT-PACKAGING-1.png","width":842,"height":595,"caption":"Bermont Packaging"},"image":{"@id":"https:\/\/www.bermont.es\/#\/schema\/logo\/image\/"},"sameAs":["https:\/\/www.linkedin.com\/company\/nersis-solutions\/","https:\/\/youtube.com\/channel\/UCSAWW3sRo63VcFGWSRV2u7Q"]}]}},"_links":{"self":[{"href":"https:\/\/www.bermont.es\/en\/wp-json\/wp\/v2\/pages\/3086","targetHints":{"allow":["GET"]}}],"collection":[{"href":"https:\/\/www.bermont.es\/en\/wp-json\/wp\/v2\/pages"}],"about":[{"href":"https:\/\/www.bermont.es\/en\/wp-json\/wp\/v2\/types\/page"}],"author":[{"embeddable":true,"href":"https:\/\/www.bermont.es\/en\/wp-json\/wp\/v2\/users\/4"}],"replies":[{"embeddable":true,"href":"https:\/\/www.bermont.es\/en\/wp-json\/wp\/v2\/comments?post=3086"}],"version-history":[{"count":23,"href":"https:\/\/www.bermont.es\/en\/wp-json\/wp\/v2\/pages\/3086\/revisions"}],"predecessor-version":[{"id":9067,"href":"https:\/\/www.bermont.es\/en\/wp-json\/wp\/v2\/pages\/3086\/revisions\/9067"}],"wp:attachment":[{"href":"https:\/\/www.bermont.es\/en\/wp-json\/wp\/v2\/media?parent=3086"}],"curies":[{"name":"wp","href":"https:\/\/api.w.org\/{rel}","templated":true}]}}