{"id":3099,"date":"2023-10-05T09:39:40","date_gmt":"2023-10-05T07:39:40","guid":{"rendered":"https:\/\/www.bermont.es\/?page_id=3099"},"modified":"2024-10-21T20:03:56","modified_gmt":"2024-10-21T18:03:56","slug":"omniprint","status":"publish","type":"page","link":"https:\/\/www.bermont.es\/en\/omniprint\/","title":{"rendered":"Omniprint &#8211; Baleares"},"content":{"rendered":"<div class=\"wpb-content-wrapper\"><div class=\"vc_row wpb_row vc_row-fluid wpex-relative\"><div class=\"wpb_column vc_column_container vc_col-sm-12\"><div class=\"vc_column-inner\"><div class=\"wpb_wrapper\">\n\t<div class=\"wpb_text_column wpb_content_element\" >\n\t\t<div class=\"wpb_wrapper\">\n\t\t\t<div id=\"nxs-pagerow-prid257976951\" class=\"nxs-row nxs-not-unistyled nxs-rowtemplate-one\">\n<div class=\"nxs-row-container nxs-containsimmediatehovermenu nxs-row1\">\n<div class=\"ABC nxs-height100\">\n<div class=\"XYZ\">\n<div class=\"nxs-placeholder-content-wrap nxs-crop\">\n<div id=\"nxs-widget-l1830243529\" class=\"nxs-widget nxs-widget-l1830243529 nxs-wordpress-title\">\n<div id=\"nxs-pagerow-prid286504965\" class=\"nxs-row nxs-not-unistyled nxs-rowtemplate-one\">\n<div class=\"nxs-row-container nxs-containsimmediatehovermenu nxs-row1\">\n<div class=\"ABC nxs-height100\">\n<div class=\"XYZ\">\n<div class=\"nxs-placeholder-content-wrap nxs-crop\">\n<div id=\"nxs-widget-l512627316\" class=\"nxs-widget nxs-widget-l512627316 nxs-wordpress-title\">\n<div class=\"ABC nxs-height100\">\n<div class=\"XYZ\">\n<div class=\"nxs-placeholder-content-wrap nxs-crop\">\n<div id=\"nxs-widget-l512627316\" class=\"nxs-widget nxs-widget-l512627316 nxs-wordpress-title\">\n<h1 class=\"nxs-title nxs-head-fontsize-3-0\" style=\"text-align: center;\">Omniprint<\/h1>\n<\/div>\n<\/div>\n<\/div>\n<\/div>\n<\/div>\n<\/div>\n<\/div>\n<div class=\"XYZ\">\n<div class=\"nxs-placeholder-content-wrap nxs-crop\">\n<div id=\"nxs-widget-l296920823\" class=\"nxs-widget nxs-widget-l296920823 nxs-text\"><\/div>\n<\/div>\n<\/div>\n<\/div>\n<\/div>\n<\/div>\n<div id=\"nxs-pagerow-1213868452\" class=\"nxs-row nxs-not-unistyled nxs-rowtemplate-one\">\n<div class=\"nxs-row-container nxs-containsimmediatehovermenu nxs-row1\" style=\"text-align: center;\"><\/div>\n<\/div>\n<\/div>\n<\/div>\n<\/div>\n<\/div>\n<\/div>\n<\/div>\n\n\t\t<\/div>\n\t<\/div>\n<div class=\"vcex-spacing wpex-w-100 wpex-clear\"><\/div>\n\t<div style=\"font-size:16px;\" class=\"wpb_text_column wpb_content_element\" >\n\t\t<div class=\"wpb_wrapper\">\n\t\t\t<div class=\"ABC nxs-height100\">\n<div class=\"XYZ\">\n<div class=\"nxs-placeholder-content-wrap nxs-crop\">\n<div id=\"nxs-widget-l296920823\" class=\"nxs-widget nxs-widget-l296920823 nxs-text\">\n<div class=\"nxs-default-p nxs-applylinkvarcolor nxs-padding-bottom0 nxs-align-left\">\n<div id=\"nxs-pagerow-prid286504965\" class=\"nxs-row nxs-not-unistyled nxs-rowtemplate-one\">\n<div class=\"nxs-row-container nxs-containsimmediatehovermenu nxs-row1\">\n<div class=\"ABC nxs-height100\">\n<div class=\"XYZ\">\n<div class=\"nxs-placeholder-content-wrap nxs-crop\">\n<div id=\"nxs-widget-l512627316\" class=\"nxs-widget nxs-widget-l512627316 nxs-wordpress-title\">\n<div class=\"nxs-clear\" style=\"text-align: justify;\">\n<p style=\"text-align: center;\">Omniprint printing plant is located in Santa Mar\u00eda del Cam\u00ed (Mallorca). From Mallorca, Omniprint can print newspaper products for all the Balearic Islands with its GOSS Universal rotary press, its two complete CTP (Computer to Plate) lines in prepress and a mailroom composed of an inserting drum and a set of stacking and delivery lines.<\/p>\n<\/div>\n<\/div>\n<\/div>\n<\/div>\n<\/div>\n<\/div>\n<\/div>\n<\/div>\n<\/div>\n<\/div>\n<\/div>\n<\/div>\n\n\t\t<\/div>\n\t<\/div>\n<div class=\"vcex-spacing wpex-w-100 wpex-clear\"><\/div><div class=\"wpex-slider-preloaderimg wpex-relative\"><img width=\"1024\" height=\"600\" src=\"https:\/\/www.bermont.es\/wp-content\/uploads\/2023\/11\/omniprint-844x600-1.png\" class=\"skip-lazy\" alt=\"\" data-no-lazy=\"1\" srcset=\"https:\/\/www.bermont.es\/wp-content\/uploads\/2023\/11\/omniprint-844x600-1.png 1024w, https:\/\/www.bermont.es\/wp-content\/uploads\/2023\/11\/omniprint-844x600-1-300x176.png 300w, https:\/\/www.bermont.es\/wp-content\/uploads\/2023\/11\/omniprint-844x600-1-768x450.png 768w, https:\/\/www.bermont.es\/wp-content\/uploads\/2023\/11\/omniprint-844x600-1-18x12.png 18w\" sizes=\"(max-width: 1024px) 100vw, 1024px\" \/><\/div><div class=\"vcex-image-slider vcex-module wpex-slider slider-pro wpex-clr\" data-loop=\"true\" data-auto-play-delay=\"5000\" data-animation-speed=\"600\" data-auto-height=\"false\" data-thumbnail-height=\"70\" data-thumbnail-width=\"70\"><div class=\"wpex-slider-slides sp-slides\"><div class=\"wpex-slider-slide sp-slide\"><div class=\"wpex-slider-media wpex-relative\"><img width=\"1024\" height=\"600\" src=\"https:\/\/www.bermont.es\/wp-content\/uploads\/2023\/11\/omniprint-844x600-1.png\" class=\"skip-lazy\" alt=\"\" data-no-lazy=\"1\" srcset=\"https:\/\/www.bermont.es\/wp-content\/uploads\/2023\/11\/omniprint-844x600-1.png 1024w, https:\/\/www.bermont.es\/wp-content\/uploads\/2023\/11\/omniprint-844x600-1-300x176.png 300w, https:\/\/www.bermont.es\/wp-content\/uploads\/2023\/11\/omniprint-844x600-1-768x450.png 768w, https:\/\/www.bermont.es\/wp-content\/uploads\/2023\/11\/omniprint-844x600-1-18x12.png 18w\" sizes=\"(max-width: 1024px) 100vw, 1024px\" \/><\/div><\/div><div class=\"wpex-slider-slide sp-slide\"><div class=\"wpex-slider-media wpex-relative\"><img width=\"1024\" height=\"600\" src=\"https:\/\/www.bermont.es\/wp-content\/uploads\/2023\/11\/Preimpresion2-1024x600-1.png\" class=\"skip-lazy\" alt=\"\" data-no-lazy=\"1\" srcset=\"https:\/\/www.bermont.es\/wp-content\/uploads\/2023\/11\/Preimpresion2-1024x600-1.png 1024w, https:\/\/www.bermont.es\/wp-content\/uploads\/2023\/11\/Preimpresion2-1024x600-1-300x176.png 300w, https:\/\/www.bermont.es\/wp-content\/uploads\/2023\/11\/Preimpresion2-1024x600-1-768x450.png 768w, https:\/\/www.bermont.es\/wp-content\/uploads\/2023\/11\/Preimpresion2-1024x600-1-18x12.png 18w\" sizes=\"(max-width: 1024px) 100vw, 1024px\" \/><\/div><\/div><div class=\"wpex-slider-slide sp-slide\"><div class=\"wpex-slider-media wpex-relative\"><img width=\"1200\" height=\"600\" src=\"https:\/\/www.bermont.es\/wp-content\/uploads\/2023\/11\/Edificio_Omniprint-1.jpg\" class=\"skip-lazy\" alt=\"\" data-no-lazy=\"1\" srcset=\"https:\/\/www.bermont.es\/wp-content\/uploads\/2023\/11\/Edificio_Omniprint-1.jpg 1200w, https:\/\/www.bermont.es\/wp-content\/uploads\/2023\/11\/Edificio_Omniprint-1-300x150.jpg 300w, https:\/\/www.bermont.es\/wp-content\/uploads\/2023\/11\/Edificio_Omniprint-1-1024x512.jpg 1024w, https:\/\/www.bermont.es\/wp-content\/uploads\/2023\/11\/Edificio_Omniprint-1-768x384.jpg 768w, https:\/\/www.bermont.es\/wp-content\/uploads\/2023\/11\/Edificio_Omniprint-1-18x9.jpg 18w\" sizes=\"(max-width: 1200px) 100vw, 1200px\" \/><\/div><\/div><div class=\"wpex-slider-slide sp-slide\"><div class=\"wpex-slider-media wpex-relative\"><img width=\"1024\" height=\"600\" src=\"https:\/\/www.bermont.es\/wp-content\/uploads\/2024\/01\/rotativa_empresa_3_final.jpg\" class=\"skip-lazy\" alt=\"\" data-no-lazy=\"1\" srcset=\"https:\/\/www.bermont.es\/wp-content\/uploads\/2024\/01\/rotativa_empresa_3_final.jpg 1024w, https:\/\/www.bermont.es\/wp-content\/uploads\/2024\/01\/rotativa_empresa_3_final-300x176.jpg 300w, https:\/\/www.bermont.es\/wp-content\/uploads\/2024\/01\/rotativa_empresa_3_final-768x450.jpg 768w, https:\/\/www.bermont.es\/wp-content\/uploads\/2024\/01\/rotativa_empresa_3_final-18x12.jpg 18w\" sizes=\"(max-width: 1024px) 100vw, 1024px\" \/><\/div><\/div><div class=\"wpex-slider-slide sp-slide\"><div class=\"wpex-slider-media wpex-relative\"><img width=\"1024\" height=\"600\" src=\"https:\/\/www.bermont.es\/wp-content\/uploads\/2023\/11\/8df76af4-fc97-456d-8112-01c7c43538a5.png\" class=\"skip-lazy\" alt=\"\" data-no-lazy=\"1\" srcset=\"https:\/\/www.bermont.es\/wp-content\/uploads\/2023\/11\/8df76af4-fc97-456d-8112-01c7c43538a5.png 1024w, https:\/\/www.bermont.es\/wp-content\/uploads\/2023\/11\/8df76af4-fc97-456d-8112-01c7c43538a5-300x176.png 300w, https:\/\/www.bermont.es\/wp-content\/uploads\/2023\/11\/8df76af4-fc97-456d-8112-01c7c43538a5-768x450.png 768w, https:\/\/www.bermont.es\/wp-content\/uploads\/2023\/11\/8df76af4-fc97-456d-8112-01c7c43538a5-18x12.png 18w\" sizes=\"(max-width: 1024px) 100vw, 1024px\" \/><\/div><\/div><div class=\"wpex-slider-slide sp-slide\"><div class=\"wpex-slider-media wpex-relative\"><img width=\"1024\" height=\"600\" src=\"https:\/\/www.bermont.es\/wp-content\/uploads\/2023\/11\/bobinas-PEFC-scaled-1024x600-1.png\" class=\"skip-lazy\" alt=\"\" data-no-lazy=\"1\" srcset=\"https:\/\/www.bermont.es\/wp-content\/uploads\/2023\/11\/bobinas-PEFC-scaled-1024x600-1.png 1024w, https:\/\/www.bermont.es\/wp-content\/uploads\/2023\/11\/bobinas-PEFC-scaled-1024x600-1-300x176.png 300w, https:\/\/www.bermont.es\/wp-content\/uploads\/2023\/11\/bobinas-PEFC-scaled-1024x600-1-768x450.png 768w, https:\/\/www.bermont.es\/wp-content\/uploads\/2023\/11\/bobinas-PEFC-scaled-1024x600-1-18x12.png 18w\" sizes=\"(max-width: 1024px) 100vw, 1024px\" \/><\/div><\/div><\/div><\/div><div class=\"vcex-spacing wpex-w-100 wpex-clear\" style=\"height:20px;\"><\/div><\/div><\/div><\/div><\/div><div class=\"vc_row wpb_row vc_row-fluid wpex-relative\"><div class=\"wpb_column vc_column_container vc_col-sm-3\"><div class=\"vc_column-inner\"><div class=\"wpb_wrapper\">\n\t<div class=\"wpb_text_column wpb_content_element\" >\n\t\t<div class=\"wpb_wrapper\">\n\t\t\t<h2 class=\"nxs-title nxs-align-left nxs-heightiq nxs-heightiq-p1-title\">Contact information<\/h2>\n<div class=\"nxs-default-p nxs-applylinkvarcolor nxs-padding-bottom0 nxs-align-left nxs-heightiq nxs-heightiq-p1-text\">\n<div class=\"nxs-default-p nxs-applylinkvarcolor nxs-padding-bottom0 nxs-align-left nxs-heightiq nxs-heightiq-p1-text\">\n<p>Pol\u00edgono Son Lla\u00fct<br \/>\nC\/ Ses Barreleras, 1<br \/>\n07320 Santa Mar\u00eda del Cam\u00ed (Mallorca)<br \/>\nTel\u00e9fono: +34 971 621 610<\/div>\n<\/div>\n\n\t\t<\/div>\n\t<\/div>\n<\/div><\/div><\/div><div class=\"wpb_column vc_column_container vc_col-sm-9\"><div class=\"vc_column-inner\"><div class=\"wpb_wrapper\"><div class=\"wpb_gmaps_widget wpb_content_element\"><div class=\"wpb_wrapper\"><div class=\"wpb_map_wraper\"><iframe src=\"https:\/\/www.google.com\/maps\/embed?pb=!1m14!1m8!1m3!1d1535.842048973734!2d2.7896206!3d39.6568235!3m2!1i1024!2i768!4f13.1!3m3!1m2!1s0x1297c0318616d615%3A0x6f40b9ba8b60cd01!2sOmniprint%20S.%20A.!5e0!3m2!1ses!2ses!4v1696491442878!5m2!1ses!2ses\" width=\"600\" height=\"450\" style=\"border:0;\" allowfullscreen=\"\" loading=\"lazy\" referrerpolicy=\"no-referrer-when-downgrade\"><\/iframe><\/div><\/div><\/div><\/div><\/div><\/div><\/div><div class=\"vc_row wpb_row vc_row-fluid wpex-relative\"><div class=\"wpb_column vc_column_container vc_col-sm-12\"><div class=\"vc_column-inner\"><div class=\"wpb_wrapper\"><div class=\"vcex-grid-container vcex-module wpex-grid wpex-gap-20 wpex-grid-cols-1 wpex-sm-grid-cols-1 wpex-md-grid-cols-2 wpex-lg-grid-cols-4 wpex-xl-grid-cols-4\">\n\t<div class=\"wpb_raw_code wpb_raw_html wpb_content_element\" >\n\t\t<div class=\"wpb_wrapper\">\n\t\t\t\n\t\t<\/div>\n\t<\/div>\n<style>.vcex-feature-box.vcex_69f3e6f3a2d38{text-align:center;padding:1rem;border:#ff0000 2pt solid;}.vcex-feature-box.vcex_69f3e6f3a2d38 .vcex-feature-box-padding-container{padding-block:auto;}<\/style><div class=\"vcex-module vcex-feature-box vcex-feature-box--stackable wpex-flex wpex-flex-col wpex-sm-flex-row wpex-justify-between wpex-gap-30 left-image-right-content v-align-middle wpex-sm-items-center vcex_69f3e6f3a2d38\"><div class=\"vcex-feature-box-media wpex-sm-w-50 wpex-sm-text-center\"><div class=\"vcex-feature-box-image wpex-relative\"><img loading=\"lazy\" class=\"wpex-align-middle wpex-object-cover\" decoding=\"async\" src=\"https:\/\/www.bermont.es\/wp-content\/uploads\/2024\/10\/PEFC-14-44-00021-124x200.png\" alt=\"\" srcset=\"https:\/\/www.bermont.es\/wp-content\/uploads\/2024\/10\/PEFC-14-44-00021-124x200.png 124w, https:\/\/www.bermont.es\/wp-content\/uploads\/2024\/10\/PEFC-14-44-00021-186x300.png 186w, https:\/\/www.bermont.es\/wp-content\/uploads\/2024\/10\/PEFC-14-44-00021-7x12.png 7w, https:\/\/www.bermont.es\/wp-content\/uploads\/2024\/10\/PEFC-14-44-00021.png 214w\" width=\"124\" height=\"200\"><\/div><\/div><div class=\"vcex-feature-box-content wpex-sm-w-50\"><div class=\"vcex-feature-box-padding-container\"><div class=\"vcex-feature-box-text wpex-last-mb-0 wpex-clr\"><p>Document: PEFC<\/p>\n<\/div><div class=\"vcex-feature-box-button wpex-mt-25\"><a href=\"https:\/\/www.bermont.es\/wp-content\/uploads\/2024\/10\/AEN-PEFC-COC-0143_ES-Omniprint.pdf\" class=\"theme-button\" target=\"_blank\" rel=\"noopener noreferrer\">Download<\/a><\/div><\/div><\/div><\/div><style>.vcex-feature-box.vcex_69f3e6f3a3fc9{text-align:center;padding:1rem;border:#ff0000 2pt solid;}.vcex-feature-box.vcex_69f3e6f3a3fc9 .vcex-feature-box-padding-container{padding-block:auto;}<\/style><div class=\"vcex-module vcex-feature-box vcex-feature-box--stackable wpex-flex wpex-flex-col wpex-sm-flex-row wpex-justify-between wpex-gap-30 left-image-right-content v-align-middle wpex-sm-items-center vcex_69f3e6f3a3fc9\"><div class=\"vcex-feature-box-media wpex-sm-w-50 wpex-sm-text-left\"><div class=\"vcex-feature-box-image wpex-relative\"><img width=\"800\" height=\"537\" src=\"https:\/\/www.bermont.es\/wp-content\/uploads\/2023\/10\/Politica-industrial-sin-texto.jpg\" class=\"wpex-align-middle wpex-object-cover\" alt=\"\" loading=\"lazy\" decoding=\"async\" srcset=\"https:\/\/www.bermont.es\/wp-content\/uploads\/2023\/10\/Politica-industrial-sin-texto.jpg 800w, https:\/\/www.bermont.es\/wp-content\/uploads\/2023\/10\/Politica-industrial-sin-texto-300x201.jpg 300w, https:\/\/www.bermont.es\/wp-content\/uploads\/2023\/10\/Politica-industrial-sin-texto-768x516.jpg 768w, https:\/\/www.bermont.es\/wp-content\/uploads\/2023\/10\/Politica-industrial-sin-texto-18x12.jpg 18w\" sizes=\"auto, (max-width: 800px) 100vw, 800px\" \/><\/div><\/div><div class=\"vcex-feature-box-content wpex-sm-w-50\"><div class=\"vcex-feature-box-padding-container\"><div class=\"vcex-feature-box-text wpex-last-mb-0 wpex-clr\"><p>Pol\u00edtica industrial corporativa 2014 Mallorca<\/p>\n<\/div><div class=\"vcex-feature-box-button wpex-mt-25\"><a href=\"https:\/\/www.bermont.es\/wp-content\/uploads\/2023\/10\/mallorca_Politica-Industrial-Corporativa-2014-Mallorca.pdf\" class=\"theme-button\" target=\"_blank\" rel=\"noopener noreferrer\">Download<\/a><\/div><\/div><\/div><\/div>\n\t<div class=\"wpb_raw_code wpb_raw_html wpb_content_element\" >\n\t\t<div class=\"wpb_wrapper\">\n\t\t\t\n\t\t<\/div>\n\t<\/div>\n<\/div><\/div><\/div><\/div><\/div><div class=\"vc_row wpb_row vc_row-fluid vc_custom_1690205849961 wpex-relative no-bottom-margins\" style=\"z-index:999!important;\"><div class=\"wpb_column vc_column_container vc_col-sm-2\"><div class=\"vc_column-inner\"><div class=\"wpb_wrapper\"><\/div><\/div><\/div><div class=\"wpb_column vc_column_container vc_col-sm-8\"><div class=\"vc_column-inner\"><div class=\"wpb_wrapper\"><div class=\"theme-button-wrap textcenter wpex-clr\"><a href=\"https:\/\/www.bermont.es\/en\/plantas-de-impresion\/\" class=\"vcex-button theme-button align-center inline\"><span class=\"vcex-button-inner theme-button-inner wpex-flex wpex-flex-wrap wpex-items-center wpex-justify-center\">Back to Bermont Prensa<\/span><\/a><\/div> <\/div><\/div><\/div><div class=\"wpb_column vc_column_container vc_col-sm-2\"><div class=\"vc_column-inner\"><div class=\"wpb_wrapper\"><\/div><\/div><\/div><\/div>\n<\/div>","protected":false},"excerpt":{"rendered":"Omniprint La planta de impresi\u00f3n de Omniprint est\u00e1 situada en Santa Mar\u00eda del Cam\u00ed (Mallorca). Desde Mallorca, Omniprint puede imprimir productos prensa para todas las Islas Baleares con su rotativa GOSS Universal, sus dos l\u00edneas completas de CTP (Computer to Plate) en preimpresi\u00f3n y un cierre compuesto de un tambor de encarte y un conjunto&hellip;","protected":false},"author":4,"featured_media":0,"parent":0,"menu_order":0,"comment_status":"closed","ping_status":"closed","template":"","meta":{"footnotes":""},"class_list":["post-3099","page","type-page","status-publish","hentry","entry","no-media"],"yoast_head":"<!-- This site is optimized with the Yoast SEO Premium plugin v20.8 (Yoast SEO v27.5) - https:\/\/yoast.com\/product\/yoast-seo-premium-wordpress\/ -->\n<title>Omniprint - Baleares - Corporaci\u00f3n Bermont<\/title>\n<meta name=\"description\" content=\"Disponemos de un equipo de dise\u00f1adores acreditados para hacer realidad las ideas de nuestros clientes.\" \/>\n<meta name=\"robots\" content=\"index, follow, max-snippet:-1, max-image-preview:large, max-video-preview:-1\" \/>\n<link rel=\"canonical\" href=\"https:\/\/www.bermont.es\/en\/omniprint\/\" \/>\n<meta property=\"og:locale\" content=\"en_US\" \/>\n<meta property=\"og:type\" content=\"article\" \/>\n<meta property=\"og:title\" content=\"Omniprint - Baleares\" \/>\n<meta property=\"og:description\" content=\"Disponemos de un equipo de dise\u00f1adores acreditados para hacer realidad las ideas de nuestros clientes.\" \/>\n<meta property=\"og:url\" content=\"https:\/\/www.bermont.es\/en\/omniprint\/\" \/>\n<meta property=\"og:site_name\" content=\"Corporaci\u00f3n Bermont\" \/>\n<meta property=\"article:modified_time\" content=\"2024-10-21T18:03:56+00:00\" \/>\n<meta name=\"twitter:card\" content=\"summary_large_image\" \/>\n<meta name=\"twitter:label1\" content=\"Est. reading time\" \/>\n\t<meta name=\"twitter:data1\" content=\"1 minute\" \/>\n<script type=\"application\/ld+json\" class=\"yoast-schema-graph\">{\"@context\":\"https:\\\/\\\/schema.org\",\"@graph\":[{\"@type\":\"WebPage\",\"@id\":\"https:\\\/\\\/www.bermont.es\\\/omniprint\\\/\",\"url\":\"https:\\\/\\\/www.bermont.es\\\/omniprint\\\/\",\"name\":\"Omniprint - Baleares - Corporaci\u00f3n Bermont\",\"isPartOf\":{\"@id\":\"https:\\\/\\\/www.bermont.es\\\/#website\"},\"datePublished\":\"2023-10-05T07:39:40+00:00\",\"dateModified\":\"2024-10-21T18:03:56+00:00\",\"description\":\"Disponemos de un equipo de dise\u00f1adores acreditados para hacer realidad las ideas de nuestros clientes.\",\"breadcrumb\":{\"@id\":\"https:\\\/\\\/www.bermont.es\\\/omniprint\\\/#breadcrumb\"},\"inLanguage\":\"en-US\",\"potentialAction\":[{\"@type\":\"ReadAction\",\"target\":[\"https:\\\/\\\/www.bermont.es\\\/omniprint\\\/\"]}]},{\"@type\":\"BreadcrumbList\",\"@id\":\"https:\\\/\\\/www.bermont.es\\\/omniprint\\\/#breadcrumb\",\"itemListElement\":[{\"@type\":\"ListItem\",\"position\":1,\"name\":\"Portada\",\"item\":\"https:\\\/\\\/www.bermont.es\\\/\"},{\"@type\":\"ListItem\",\"position\":2,\"name\":\"Omniprint &#8211; Baleares\"}]},{\"@type\":\"WebSite\",\"@id\":\"https:\\\/\\\/www.bermont.es\\\/#website\",\"url\":\"https:\\\/\\\/www.bermont.es\\\/\",\"name\":\"Bermont Packaging\",\"description\":\"\",\"publisher\":{\"@id\":\"https:\\\/\\\/www.bermont.es\\\/#organization\"},\"potentialAction\":[{\"@type\":\"SearchAction\",\"target\":{\"@type\":\"EntryPoint\",\"urlTemplate\":\"https:\\\/\\\/www.bermont.es\\\/?s={search_term_string}\"},\"query-input\":{\"@type\":\"PropertyValueSpecification\",\"valueRequired\":true,\"valueName\":\"search_term_string\"}}],\"inLanguage\":\"en-US\"},{\"@type\":\"Organization\",\"@id\":\"https:\\\/\\\/www.bermont.es\\\/#organization\",\"name\":\"Bermont Packaging\",\"url\":\"https:\\\/\\\/www.bermont.es\\\/\",\"logo\":{\"@type\":\"ImageObject\",\"inLanguage\":\"en-US\",\"@id\":\"https:\\\/\\\/www.bermont.es\\\/#\\\/schema\\\/logo\\\/image\\\/\",\"url\":\"https:\\\/\\\/www.bermont.es\\\/wp-content\\\/uploads\\\/2023\\\/07\\\/LOGO-BERMONT-PACKAGING-1.png\",\"contentUrl\":\"https:\\\/\\\/www.bermont.es\\\/wp-content\\\/uploads\\\/2023\\\/07\\\/LOGO-BERMONT-PACKAGING-1.png\",\"width\":842,\"height\":595,\"caption\":\"Bermont Packaging\"},\"image\":{\"@id\":\"https:\\\/\\\/www.bermont.es\\\/#\\\/schema\\\/logo\\\/image\\\/\"},\"sameAs\":[\"https:\\\/\\\/www.linkedin.com\\\/company\\\/nersis-solutions\\\/\",\"https:\\\/\\\/youtube.com\\\/channel\\\/UCSAWW3sRo63VcFGWSRV2u7Q\"]}]}<\/script>\n<!-- \/ Yoast SEO Premium plugin. -->","yoast_head_json":{"title":"Omniprint - Baleares - Corporaci\u00f3n Bermont","description":"We have a team of accredited designers to make our clients' ideas come true.","robots":{"index":"index","follow":"follow","max-snippet":"max-snippet:-1","max-image-preview":"max-image-preview:large","max-video-preview":"max-video-preview:-1"},"canonical":"https:\/\/www.bermont.es\/en\/omniprint\/","og_locale":"en_US","og_type":"article","og_title":"Omniprint - Baleares","og_description":"Disponemos de un equipo de dise\u00f1adores acreditados para hacer realidad las ideas de nuestros clientes.","og_url":"https:\/\/www.bermont.es\/en\/omniprint\/","og_site_name":"Corporaci\u00f3n Bermont","article_modified_time":"2024-10-21T18:03:56+00:00","twitter_card":"summary_large_image","twitter_misc":{"Est. reading time":"1 minute"},"schema":{"@context":"https:\/\/schema.org","@graph":[{"@type":"WebPage","@id":"https:\/\/www.bermont.es\/omniprint\/","url":"https:\/\/www.bermont.es\/omniprint\/","name":"Omniprint - Baleares - Corporaci\u00f3n Bermont","isPartOf":{"@id":"https:\/\/www.bermont.es\/#website"},"datePublished":"2023-10-05T07:39:40+00:00","dateModified":"2024-10-21T18:03:56+00:00","description":"We have a team of accredited designers to make our clients' ideas come true.","breadcrumb":{"@id":"https:\/\/www.bermont.es\/omniprint\/#breadcrumb"},"inLanguage":"en-US","potentialAction":[{"@type":"ReadAction","target":["https:\/\/www.bermont.es\/omniprint\/"]}]},{"@type":"BreadcrumbList","@id":"https:\/\/www.bermont.es\/omniprint\/#breadcrumb","itemListElement":[{"@type":"ListItem","position":1,"name":"Portada","item":"https:\/\/www.bermont.es\/"},{"@type":"ListItem","position":2,"name":"Omniprint &#8211; Baleares"}]},{"@type":"WebSite","@id":"https:\/\/www.bermont.es\/#website","url":"https:\/\/www.bermont.es\/","name":"Bermont Packaging","description":"","publisher":{"@id":"https:\/\/www.bermont.es\/#organization"},"potentialAction":[{"@type":"SearchAction","target":{"@type":"EntryPoint","urlTemplate":"https:\/\/www.bermont.es\/?s={search_term_string}"},"query-input":{"@type":"PropertyValueSpecification","valueRequired":true,"valueName":"search_term_string"}}],"inLanguage":"en-US"},{"@type":"Organization","@id":"https:\/\/www.bermont.es\/#organization","name":"Bermont Packaging","url":"https:\/\/www.bermont.es\/","logo":{"@type":"ImageObject","inLanguage":"en-US","@id":"https:\/\/www.bermont.es\/#\/schema\/logo\/image\/","url":"https:\/\/www.bermont.es\/wp-content\/uploads\/2023\/07\/LOGO-BERMONT-PACKAGING-1.png","contentUrl":"https:\/\/www.bermont.es\/wp-content\/uploads\/2023\/07\/LOGO-BERMONT-PACKAGING-1.png","width":842,"height":595,"caption":"Bermont Packaging"},"image":{"@id":"https:\/\/www.bermont.es\/#\/schema\/logo\/image\/"},"sameAs":["https:\/\/www.linkedin.com\/company\/nersis-solutions\/","https:\/\/youtube.com\/channel\/UCSAWW3sRo63VcFGWSRV2u7Q"]}]}},"_links":{"self":[{"href":"https:\/\/www.bermont.es\/en\/wp-json\/wp\/v2\/pages\/3099","targetHints":{"allow":["GET"]}}],"collection":[{"href":"https:\/\/www.bermont.es\/en\/wp-json\/wp\/v2\/pages"}],"about":[{"href":"https:\/\/www.bermont.es\/en\/wp-json\/wp\/v2\/types\/page"}],"author":[{"embeddable":true,"href":"https:\/\/www.bermont.es\/en\/wp-json\/wp\/v2\/users\/4"}],"replies":[{"embeddable":true,"href":"https:\/\/www.bermont.es\/en\/wp-json\/wp\/v2\/comments?post=3099"}],"version-history":[{"count":24,"href":"https:\/\/www.bermont.es\/en\/wp-json\/wp\/v2\/pages\/3099\/revisions"}],"predecessor-version":[{"id":4722,"href":"https:\/\/www.bermont.es\/en\/wp-json\/wp\/v2\/pages\/3099\/revisions\/4722"}],"wp:attachment":[{"href":"https:\/\/www.bermont.es\/en\/wp-json\/wp\/v2\/media?parent=3099"}],"curies":[{"name":"wp","href":"https:\/\/api.w.org\/{rel}","templated":true}]}}