{"id":3208,"date":"2023-10-06T13:38:41","date_gmt":"2023-10-06T11:38:41","guid":{"rendered":"https:\/\/www.bermont.es\/?page_id=3208"},"modified":"2026-02-16T18:32:00","modified_gmt":"2026-02-16T16:32:00","slug":"plantas-de-impresion","status":"publish","type":"page","link":"https:\/\/www.bermont.es\/en\/plantas-de-impresion\/","title":{"rendered":"Printing plants"},"content":{"rendered":"<div class=\"wpb-content-wrapper\"><div class=\"vc_row wpb_row vc_row-fluid wpex-relative\"><div class=\"wpb_column vc_column_container vc_col-sm-12\"><div class=\"vc_column-inner\"><div class=\"wpb_wrapper\">\n\t<div class=\"wpb_text_column wpb_content_element\" >\n\t\t<div class=\"wpb_wrapper\">\n\t\t\t<p><strong><!-- imagelinks begin -->\n<div id=\"imgl-2-x5l7j\" class=\"imgl-map imgl-map-2\"data-json-src=\"https:\/\/www.bermont.es\/wp-content\/uploads\/imagelinks\/2\/config.json?ver=1756458638\" data-item-id=\"2\" style=\"display:none;\" >\n<div class=\"imgl-store\">\n<div class=\"imgl-pin imgl-pin-1\" data-id=\"1\">\n<div class=\"imgl-pin-data\">\n<\/div>\n<\/div>\n<div class=\"imgl-pin imgl-pin-2\" data-id=\"2\">\n<div class=\"imgl-pin-data\">\n<\/div>\n<\/div>\n<div class=\"imgl-pin imgl-pin-3\" data-id=\"3\">\n<div class=\"imgl-pin-data\">\n<\/div>\n<\/div>\n<div class=\"imgl-pin imgl-pin-4\" data-id=\"4\">\n<div class=\"imgl-pin-data\">\n<\/div>\n<\/div>\n<div class=\"imgl-pin imgl-pin-5\" data-id=\"5\">\n<div class=\"imgl-pin-data\">\n<\/div>\n<\/div>\n<div class=\"imgl-pin imgl-pin-6\" data-id=\"6\">\n<div class=\"imgl-pin-data\">\n<\/div>\n<\/div>\n<div class=\"imgl-pin imgl-pin-7\" data-id=\"7\">\n<div class=\"imgl-pin-data\">\n<\/div>\n<\/div>\n<div class=\"imgl-pin imgl-pin-8\" data-id=\"8\">\n<div class=\"imgl-pin-data\">\n<\/div>\n<\/div>\n<div class=\"imgl-pin imgl-pin-9\" data-id=\"9\">\n<div class=\"imgl-pin-data\">\n<\/div>\n<\/div>\n<div class=\"imgl-pin imgl-pin-10\" data-id=\"10\">\n<div class=\"imgl-pin-data\">\n<\/div>\n<\/div>\n<div class=\"imgl-pin imgl-pin-11\" data-id=\"11\">\n<div class=\"imgl-pin-data\">\n<\/div>\n<\/div>\n<div class=\"imgl-pin imgl-pin-12\" data-id=\"12\">\n<div class=\"imgl-pin-data\">\n<\/div>\n<\/div>\n<div class=\"imgl-pin imgl-pin-13\" data-id=\"13\">\n<div class=\"imgl-pin-data\">\n<\/div>\n<\/div>\n<div class=\"imgl-pin imgl-pin-14\" data-id=\"14\">\n<div class=\"imgl-pin-data\">\n<\/div>\n<\/div>\n<div class=\"imgl-tt imgl-tt-1\" data-id=\"1\" >\n<\/div>\n<div class=\"imgl-tt imgl-tt-2\" data-id=\"2\" >\n<\/div>\n<div class=\"imgl-tt imgl-tt-3\" data-id=\"3\" >\n<\/div>\n<div class=\"imgl-tt imgl-tt-4\" data-id=\"4\" >\n<\/div>\n<div class=\"imgl-tt imgl-tt-5\" data-id=\"5\" >\n<\/div>\n<div class=\"imgl-tt imgl-tt-6\" data-id=\"6\" >\n<\/div>\n<div class=\"imgl-tt imgl-tt-7\" data-id=\"7\" >\n<\/div>\n<div class=\"imgl-tt imgl-tt-8\" data-id=\"8\" >\n<\/div>\n<div class=\"imgl-tt imgl-tt-9\" data-id=\"9\" >\n<\/div>\n<div class=\"imgl-tt imgl-tt-10\" data-id=\"10\" >\n<\/div>\n<div class=\"imgl-tt imgl-tt-11\" data-id=\"11\" >\n<\/div>\n<div class=\"imgl-tt imgl-tt-12\" data-id=\"12\" >\n<\/div>\n<div class=\"imgl-tt imgl-tt-13\" data-id=\"13\" >\n<\/div>\n<div class=\"imgl-tt imgl-tt-14\" data-id=\"14\" >\n<\/div>\n<\/div>\n<\/div>\n<!-- imagelinks end -->\n<\/strong><\/p>\n\n\t\t<\/div>\n\t<\/div>\n<\/div><\/div><\/div><\/div><div class=\"vc_row wpb_row vc_row-fluid wpex-relative\"><div class=\"wpb_column vc_column_container vc_col-sm-12\"><div class=\"vc_column-inner\"><div class=\"wpb_wrapper\">\n\t<div class=\"wpb_text_column wpb_content_element\" >\n\t\t<div class=\"wpb_wrapper\">\n\t\t\t\n\t\t<\/div>\n\t<\/div>\n\n\t<div style=\"font-size:16px;\" class=\"wpb_text_column wpb_content_element\" >\n\t\t<div class=\"wpb_wrapper\">\n\t\t\t<div class=\"ABC nxs-height100\">\n<div class=\"XYZ\">\n<div class=\"nxs-placeholder-content-wrap nxs-crop\">\n<div id=\"nxs-widget-l296920823\" class=\"nxs-widget nxs-widget-l296920823 nxs-text\">\n<div class=\"nxs-default-p nxs-applylinkvarcolor nxs-padding-bottom0 nxs-align-left\">\n<div id=\"nxs-pagerow-prid286504965\" class=\"nxs-row nxs-not-unistyled nxs-rowtemplate-one\">\n<div class=\"nxs-row-container nxs-containsimmediatehovermenu nxs-row1\">\n<div class=\"ABC nxs-height100\">\n<div class=\"XYZ\">\n<div class=\"nxs-placeholder-content-wrap nxs-crop\">\n<div id=\"nxs-widget-l512627316\" class=\"nxs-widget nxs-widget-l512627316 nxs-wordpress-title\">\n<div class=\"nxs-clear\" style=\"text-align: center;\">\n<p style=\"text-align: center;\" align=\"center\">CORPORACI\u00d3N BERMONT and the companies that make up the Group specialize in printing newspapers and compact cardboard. We are national leaders in the newspaper and publication printing sector, printing more than eighty editions of daily newspapers every night from our seven printing plants strategically located throughout Spain. Our printing and shipping capacity, and our security against possible contingencies during production, make CORPORACI\u00d3N BERMONT the best choice as a partner for our customers.<\/p>\n<\/div>\n<\/div>\n<\/div>\n<\/div>\n<\/div>\n<\/div>\n<\/div>\n<\/div>\n<\/div>\n<\/div>\n<\/div>\n<\/div>\n\n\t\t<\/div>\n\t<\/div>\n<div class=\"vcex-spacing wpex-w-100 wpex-clear\"><\/div>\n\t<div style=\"font-size:16px;\" class=\"wpb_text_column wpb_content_element\" >\n\t\t<div class=\"wpb_wrapper\">\n\t\t\t<div class=\"ABC nxs-height100\">\n<div class=\"XYZ\">\n<div class=\"nxs-placeholder-content-wrap nxs-crop\">\n<div id=\"nxs-widget-l296920823\" class=\"nxs-widget nxs-widget-l296920823 nxs-text\">\n<div class=\"nxs-default-p nxs-applylinkvarcolor nxs-padding-bottom0 nxs-align-left\">\n<div id=\"nxs-pagerow-prid286504965\" class=\"nxs-row nxs-not-unistyled nxs-rowtemplate-one\">\n<div class=\"nxs-row-container nxs-containsimmediatehovermenu nxs-row1\">\n<div class=\"ABC nxs-height100\">\n<div class=\"XYZ\">\n<div class=\"nxs-placeholder-content-wrap nxs-crop\">\n<div id=\"nxs-widget-l512627316\" class=\"nxs-widget nxs-widget-l512627316 nxs-wordpress-title\">\n<div class=\"nxs-clear\" style=\"text-align: center;\">\n<p style=\"text-align: center;\" align=\"center\">Our plants in Madrid, Tenerife, Barcelona, \u200b\u200bMallorca, Valencia, Seville, and Lugo comply with all environmental, technical, labor, legal, regulatory and safety requirements, protecting and promoting environmental protection. Our ability to address risks, take advantage of opportunities and continuously improve performance are the foundations on which our daily work is based to achieve sustainable development.<\/p>\n<\/div>\n<\/div>\n<\/div>\n<\/div>\n<\/div>\n<\/div>\n<\/div>\n<\/div>\n<\/div>\n<\/div>\n<\/div>\n<\/div>\n\n\t\t<\/div>\n\t<\/div>\n<div class=\"vcex-spacing wpex-w-100 wpex-clear\"><\/div>\n\t<div style=\"font-size:16px;\" class=\"wpb_text_column wpb_content_element\" >\n\t\t<div class=\"wpb_wrapper\">\n\t\t\t<div class=\"ABC nxs-height100\">\n<div class=\"XYZ\">\n<div class=\"nxs-placeholder-content-wrap nxs-crop\">\n<div id=\"nxs-widget-l296920823\" class=\"nxs-widget nxs-widget-l296920823 nxs-text\">\n<div class=\"nxs-default-p nxs-applylinkvarcolor nxs-padding-bottom0 nxs-align-left\">\n<div id=\"nxs-pagerow-prid286504965\" class=\"nxs-row nxs-not-unistyled nxs-rowtemplate-one\">\n<div class=\"nxs-row-container nxs-containsimmediatehovermenu nxs-row1\">\n<div class=\"ABC nxs-height100\">\n<div class=\"XYZ\">\n<div class=\"nxs-placeholder-content-wrap nxs-crop\">\n<div id=\"nxs-widget-l512627316\" class=\"nxs-widget nxs-widget-l512627316 nxs-wordpress-title\">\n<div class=\"nxs-clear\" style=\"text-align: center;\">\n<p style=\"text-align: center;\" align=\"center\">CORPORACI\u00d3N BERMONT printing plants have a management system <i>multisite <\/i>basado en el est\u00e1ndar <span style=\"color: #339966;\">PEFC ST 2002:2020 \u201cCadena de Custodia de Productos Forestales y Arb\u00f3reos \u2013 Requisitos\u201d<\/span> y <span style=\"color: #339966;\">PEFC ST 2001:2020 \u201cRequisitos de uso de marcas PEFC\u201d<\/span>.<\/p>\n<\/div>\n<\/div>\n<\/div>\n<\/div>\n<\/div>\n<\/div>\n<\/div>\n<\/div>\n<\/div>\n<\/div>\n<\/div>\n<\/div>\n\n\t\t<\/div>\n\t<\/div>\n<div class=\"vcex-spacing wpex-w-100 wpex-clear\"><\/div><div class=\"vcex-grid-container vcex-module wpex-grid wpex-gap-20 wpex-grid-cols-1 wpex-lg-grid-cols-4 wpex-xl-grid-cols-4\"><style>.vcex-feature-box.vcex_69efa444897a1{text-align:center;padding:1rem;border:#ff0000 2pt solid;}.vcex-feature-box.vcex_69efa444897a1 .vcex-feature-box-padding-container{padding-block:auto;}<\/style><div class=\"vcex-module vcex-feature-box vcex-feature-box--stackable wpex-flex wpex-flex-col wpex-sm-flex-row wpex-justify-between wpex-gap-30 left-image-right-content v-align-middle wpex-sm-items-center vcex_69efa444897a1\"><div class=\"vcex-feature-box-media wpex-sm-w-50 wpex-sm-text-center\"><div class=\"vcex-feature-box-image wpex-relative\"><img loading=\"lazy\" class=\"wpex-align-middle wpex-object-cover\" decoding=\"async\" src=\"https:\/\/www.bermont.es\/wp-content\/uploads\/2024\/10\/PEFC-14-44-00021-124x200.png\" alt=\"\" srcset=\"https:\/\/www.bermont.es\/wp-content\/uploads\/2024\/10\/PEFC-14-44-00021-124x200.png 124w, https:\/\/www.bermont.es\/wp-content\/uploads\/2024\/10\/PEFC-14-44-00021-186x300.png 186w, https:\/\/www.bermont.es\/wp-content\/uploads\/2024\/10\/PEFC-14-44-00021-7x12.png 7w, https:\/\/www.bermont.es\/wp-content\/uploads\/2024\/10\/PEFC-14-44-00021.png 214w\" width=\"124\" height=\"200\"><\/div><\/div><div class=\"vcex-feature-box-content wpex-sm-w-50\"><div class=\"vcex-feature-box-padding-container\"><div class=\"vcex-feature-box-text wpex-last-mb-0 wpex-clr\"><p>Document: PEFC (spanish)<\/p>\n<\/div><div class=\"vcex-feature-box-button wpex-mt-25\"><a href=\"https:\/\/www.bermont.es\/wp-content\/uploads\/2024\/10\/AEN-PEFC-COC-0143_ES-.pdf\" class=\"theme-button\" target=\"_blank\" rel=\"noopener noreferrer\">Download<\/a><\/div><\/div><\/div><\/div><style>.vcex-feature-box.vcex_69efa4448a411{text-align:center;padding:1rem;border:#ff0000 2pt solid;}.vcex-feature-box.vcex_69efa4448a411 .vcex-feature-box-padding-container{padding-block:auto;}<\/style><div class=\"vcex-module vcex-feature-box vcex-feature-box--stackable wpex-flex wpex-flex-col wpex-sm-flex-row wpex-justify-between wpex-gap-30 left-image-right-content v-align-middle wpex-sm-items-center vcex_69efa4448a411\"><div class=\"vcex-feature-box-media wpex-sm-w-50 wpex-sm-text-center\"><div class=\"vcex-feature-box-image wpex-relative\"><img loading=\"lazy\" class=\"wpex-align-middle wpex-object-cover\" decoding=\"async\" src=\"https:\/\/www.bermont.es\/wp-content\/uploads\/2024\/10\/PEFC-14-44-00021-124x200.png\" alt=\"\" srcset=\"https:\/\/www.bermont.es\/wp-content\/uploads\/2024\/10\/PEFC-14-44-00021-124x200.png 124w, https:\/\/www.bermont.es\/wp-content\/uploads\/2024\/10\/PEFC-14-44-00021-186x300.png 186w, https:\/\/www.bermont.es\/wp-content\/uploads\/2024\/10\/PEFC-14-44-00021-7x12.png 7w, https:\/\/www.bermont.es\/wp-content\/uploads\/2024\/10\/PEFC-14-44-00021.png 214w\" width=\"124\" height=\"200\"><\/div><\/div><div class=\"vcex-feature-box-content wpex-sm-w-50\"><div class=\"vcex-feature-box-padding-container\"><div class=\"vcex-feature-box-text wpex-last-mb-0 wpex-clr\"><p>Documento: PEFC (English)<\/p>\n<\/div><div class=\"vcex-feature-box-button wpex-mt-25\"><a href=\"https:\/\/www.bermont.es\/wp-content\/uploads\/2024\/10\/AEN-PEFC-COC-0143_IN-.pdf\" class=\"theme-button\" target=\"_blank\" rel=\"noopener noreferrer\">Download<\/a><\/div><\/div><\/div><\/div><style>.vcex-feature-box.vcex_69efa4448abf2{text-align:center;padding:1rem;border:#ff0000 2pt solid;}.vcex-feature-box.vcex_69efa4448abf2 .vcex-feature-box-padding-container{padding-block:auto;}<\/style><div class=\"vcex-module vcex-feature-box vcex-feature-box--stackable wpex-flex wpex-flex-col wpex-sm-flex-row wpex-justify-between wpex-gap-30 left-image-right-content v-align-middle wpex-sm-items-center vcex_69efa4448abf2\"><div class=\"vcex-feature-box-media wpex-sm-w-50 wpex-sm-text-center\"><div class=\"vcex-feature-box-image wpex-relative\"><img loading=\"lazy\" class=\"wpex-align-middle wpex-object-cover\" decoding=\"async\" src=\"https:\/\/www.bermont.es\/wp-content\/uploads\/2024\/10\/sostenibilidad-1.png\" alt=\"\" srcset=\"https:\/\/www.bermont.es\/wp-content\/uploads\/2024\/10\/sostenibilidad-1.png 121w, https:\/\/www.bermont.es\/wp-content\/uploads\/2024\/10\/sostenibilidad-1-12x12.png 12w\" width=\"121\" height=\"117\"><\/div><\/div><div class=\"vcex-feature-box-content wpex-sm-w-50\"><div class=\"vcex-feature-box-padding-container\"><div class=\"vcex-feature-box-text wpex-last-mb-0 wpex-clr\"><p>Pol\u00edtica cadena de custodia 2022<\/p>\n<\/div><div class=\"vcex-feature-box-button wpex-mt-25\"><a href=\"https:\/\/www.bermont.es\/wp-content\/uploads\/2024\/10\/Politica-CdC-v0.pdf\" class=\"theme-button\" target=\"_blank\" rel=\"noopener noreferrer\">Download<\/a><\/div><\/div><\/div><\/div><style>.vcex-feature-box.vcex_69efa4448b504{text-align:center;padding:1rem;border:#ff0000 2pt solid;}.vcex-feature-box.vcex_69efa4448b504 .vcex-feature-box-padding-container{padding-block:auto;}<\/style><div class=\"vcex-module vcex-feature-box vcex-feature-box--stackable wpex-flex wpex-flex-col wpex-sm-flex-row wpex-justify-between wpex-gap-30 left-image-right-content v-align-middle wpex-sm-items-center vcex_69efa4448b504\"><div class=\"vcex-feature-box-media wpex-sm-w-50 wpex-sm-text-center\"><div class=\"vcex-feature-box-image wpex-relative\"><img loading=\"lazy\" class=\"wpex-align-middle wpex-object-cover\" decoding=\"async\" src=\"https:\/\/www.bermont.es\/wp-content\/uploads\/2024\/10\/sostenibilidad-1.png\" alt=\"\" srcset=\"https:\/\/www.bermont.es\/wp-content\/uploads\/2024\/10\/sostenibilidad-1.png 121w, https:\/\/www.bermont.es\/wp-content\/uploads\/2024\/10\/sostenibilidad-1-12x12.png 12w\" width=\"121\" height=\"117\"><\/div><\/div><div class=\"vcex-feature-box-content wpex-sm-w-50\"><div class=\"vcex-feature-box-padding-container\"><div class=\"vcex-feature-box-text wpex-last-mb-0 wpex-clr\"><p>Chain of Custody Policy 2022<\/p>\n<\/div><div class=\"vcex-feature-box-button wpex-mt-25\"><a href=\"https:\/\/www.bermont.es\/wp-content\/uploads\/2024\/10\/Politica-CdC-v0_eng.pdf\" class=\"theme-button\" target=\"_blank\" rel=\"noopener noreferrer\">Download<\/a><\/div><\/div><\/div><\/div><\/div><\/div><\/div><\/div><\/div><div class=\"vc_row wpb_row vc_row-fluid wpex-relative\"><div class=\"wpb_column vc_column_container vc_col-sm-12\"><div class=\"vc_column-inner\"><div class=\"wpb_wrapper\"><div class=\"vcex-spacing wpex-w-100 wpex-clear\"><\/div>\n\t<div style=\"font-size:16px;\" class=\"wpb_text_column wpb_content_element\" >\n\t\t<div class=\"wpb_wrapper\">\n\t\t\t<div class=\"ABC nxs-height100\">\n<div class=\"XYZ\">\n<div class=\"nxs-placeholder-content-wrap nxs-crop\">\n<div id=\"nxs-widget-l296920823\" class=\"nxs-widget nxs-widget-l296920823 nxs-text\">\n<div class=\"nxs-default-p nxs-applylinkvarcolor nxs-padding-bottom0 nxs-align-left\">\n<div id=\"nxs-pagerow-prid286504965\" class=\"nxs-row nxs-not-unistyled nxs-rowtemplate-one\">\n<div class=\"nxs-row-container nxs-containsimmediatehovermenu nxs-row1\">\n<div class=\"ABC nxs-height100\">\n<div class=\"XYZ\">\n<div class=\"nxs-placeholder-content-wrap nxs-crop\">\n<div id=\"nxs-widget-l512627316\" class=\"nxs-widget nxs-widget-l512627316 nxs-wordpress-title\">\n<div class=\"nxs-clear\" style=\"text-align: center;\">\n<p style=\"text-align: center;\" align=\"center\">El compromiso de CORPORACI\u00d3N BERMONT con la sostenibilidad y con el medio ambiente se refleja en la certificaci\u00f3n <span style=\"color: #339966;\">PEFC (Programme for the Endorsement of Forest Certification) \u2013 PEFC ST 2002:2020 \u201cCadena de Custodia de Productos Forestales y Arb\u00f3reos \u2013 Requisitos\u201d<\/span>&#8211; que certifica que las plantas de impresi\u00f3n de CORPORACI\u00d3N BERMONT cumplen con las exigencias y requisitos de este sistema de certificaci\u00f3n internacional, utilizando para ello materiales con garant\u00edas de origen responsables y sostenibles. De esta forma contribuimos tambi\u00e9n a la gesti\u00f3n forestal sostenible de los ODS (Objetivos de Desarrollo Sostenible de las Naciones Unidas).<\/p>\n<\/div>\n<\/div>\n<\/div>\n<\/div>\n<\/div>\n<\/div>\n<\/div>\n<\/div>\n<\/div>\n<\/div>\n<\/div>\n<\/div>\n\n\t\t<\/div>\n\t<\/div>\n<div class=\"vcex-spacing wpex-w-100 wpex-clear\"><\/div>\n\t<div style=\"font-size:16px;\" class=\"wpb_text_column wpb_content_element\" >\n\t\t<div class=\"wpb_wrapper\">\n\t\t\t<div class=\"ABC nxs-height100\">\n<div class=\"XYZ\">\n<div class=\"nxs-placeholder-content-wrap nxs-crop\">\n<div id=\"nxs-widget-l296920823\" class=\"nxs-widget nxs-widget-l296920823 nxs-text\">\n<div class=\"nxs-default-p nxs-applylinkvarcolor nxs-padding-bottom0 nxs-align-left\">\n<div id=\"nxs-pagerow-prid286504965\" class=\"nxs-row nxs-not-unistyled nxs-rowtemplate-one\">\n<div class=\"nxs-row-container nxs-containsimmediatehovermenu nxs-row1\">\n<div class=\"ABC nxs-height100\">\n<div class=\"XYZ\">\n<div class=\"nxs-placeholder-content-wrap nxs-crop\">\n<div id=\"nxs-widget-l512627316\" class=\"nxs-widget nxs-widget-l512627316 nxs-wordpress-title\">\n<div class=\"nxs-clear\" style=\"text-align: center;\">\n<p style=\"text-align: center;\" align=\"center\">CORPORACI\u00d3N BERMONT is committed to the circular economy, managing waste and secondary products derived from the production process for reuse or recycling.<\/p>\n<\/div>\n<\/div>\n<\/div>\n<\/div>\n<\/div>\n<\/div>\n<\/div>\n<\/div>\n<\/div>\n<\/div>\n<\/div>\n<\/div>\n\n\t\t<\/div>\n\t<\/div>\n<\/div><\/div><\/div><\/div><div class=\"vc_row wpb_row vc_row-fluid wpex-relative\"><div class=\"wpb_column vc_column_container vc_col-sm-12\"><div class=\"vc_column-inner\"><div class=\"wpb_wrapper\"><\/div><\/div><\/div><\/div>\n<\/div>","protected":false},"excerpt":{"rendered":"CORPORACI\u00d3N BERMONT y las empresas que integran el Grupo est\u00e1n especializadas en la impresi\u00f3n de publicaciones en papel y cart\u00f3n compacto. Somos l\u00edderes nacionales en el sector de la impresi\u00f3n de peri\u00f3dicos y publicaciones, imprimiendo cada noche m\u00e1s de ochenta ediciones de diarios desde las siete plantas de impresi\u00f3n ubicadas estrat\u00e9gicamente en la geograf\u00eda espa\u00f1ola.&hellip;","protected":false},"author":4,"featured_media":0,"parent":0,"menu_order":0,"comment_status":"closed","ping_status":"closed","template":"","meta":{"footnotes":""},"class_list":["post-3208","page","type-page","status-publish","hentry","entry","no-media"],"yoast_head":"<!-- This site is optimized with the Yoast SEO Premium plugin v20.8 (Yoast SEO v27.4) - https:\/\/yoast.com\/product\/yoast-seo-premium-wordpress\/ -->\n<title>Plantas de impresi\u00f3n - Corporaci\u00f3n Bermont<\/title>\n<meta name=\"robots\" content=\"index, follow, max-snippet:-1, max-image-preview:large, max-video-preview:-1\" \/>\n<link rel=\"canonical\" href=\"https:\/\/www.bermont.es\/en\/plantas-de-impresion\/\" \/>\n<meta property=\"og:locale\" content=\"en_US\" \/>\n<meta property=\"og:type\" content=\"article\" \/>\n<meta property=\"og:title\" content=\"Plantas de impresi\u00f3n\" \/>\n<meta property=\"og:url\" content=\"https:\/\/www.bermont.es\/en\/plantas-de-impresion\/\" \/>\n<meta property=\"og:site_name\" content=\"Corporaci\u00f3n Bermont\" \/>\n<meta property=\"article:modified_time\" content=\"2026-02-16T16:32:00+00:00\" \/>\n<meta name=\"twitter:card\" content=\"summary_large_image\" \/>\n<meta name=\"twitter:label1\" content=\"Est. reading time\" \/>\n\t<meta name=\"twitter:data1\" content=\"3 minutes\" \/>\n<script type=\"application\/ld+json\" class=\"yoast-schema-graph\">{\"@context\":\"https:\\\/\\\/schema.org\",\"@graph\":[{\"@type\":\"WebPage\",\"@id\":\"https:\\\/\\\/www.bermont.es\\\/plantas-de-impresion\\\/\",\"url\":\"https:\\\/\\\/www.bermont.es\\\/plantas-de-impresion\\\/\",\"name\":\"Plantas de impresi\u00f3n - Corporaci\u00f3n Bermont\",\"isPartOf\":{\"@id\":\"https:\\\/\\\/www.bermont.es\\\/#website\"},\"datePublished\":\"2023-10-06T11:38:41+00:00\",\"dateModified\":\"2026-02-16T16:32:00+00:00\",\"breadcrumb\":{\"@id\":\"https:\\\/\\\/www.bermont.es\\\/plantas-de-impresion\\\/#breadcrumb\"},\"inLanguage\":\"en-US\",\"potentialAction\":[{\"@type\":\"ReadAction\",\"target\":[\"https:\\\/\\\/www.bermont.es\\\/plantas-de-impresion\\\/\"]}]},{\"@type\":\"BreadcrumbList\",\"@id\":\"https:\\\/\\\/www.bermont.es\\\/plantas-de-impresion\\\/#breadcrumb\",\"itemListElement\":[{\"@type\":\"ListItem\",\"position\":1,\"name\":\"Portada\",\"item\":\"https:\\\/\\\/www.bermont.es\\\/\"},{\"@type\":\"ListItem\",\"position\":2,\"name\":\"Plantas de impresi\u00f3n\"}]},{\"@type\":\"WebSite\",\"@id\":\"https:\\\/\\\/www.bermont.es\\\/#website\",\"url\":\"https:\\\/\\\/www.bermont.es\\\/\",\"name\":\"Bermont Packaging\",\"description\":\"\",\"publisher\":{\"@id\":\"https:\\\/\\\/www.bermont.es\\\/#organization\"},\"potentialAction\":[{\"@type\":\"SearchAction\",\"target\":{\"@type\":\"EntryPoint\",\"urlTemplate\":\"https:\\\/\\\/www.bermont.es\\\/?s={search_term_string}\"},\"query-input\":{\"@type\":\"PropertyValueSpecification\",\"valueRequired\":true,\"valueName\":\"search_term_string\"}}],\"inLanguage\":\"en-US\"},{\"@type\":\"Organization\",\"@id\":\"https:\\\/\\\/www.bermont.es\\\/#organization\",\"name\":\"Bermont Packaging\",\"url\":\"https:\\\/\\\/www.bermont.es\\\/\",\"logo\":{\"@type\":\"ImageObject\",\"inLanguage\":\"en-US\",\"@id\":\"https:\\\/\\\/www.bermont.es\\\/#\\\/schema\\\/logo\\\/image\\\/\",\"url\":\"https:\\\/\\\/www.bermont.es\\\/wp-content\\\/uploads\\\/2023\\\/07\\\/LOGO-BERMONT-PACKAGING-1.png\",\"contentUrl\":\"https:\\\/\\\/www.bermont.es\\\/wp-content\\\/uploads\\\/2023\\\/07\\\/LOGO-BERMONT-PACKAGING-1.png\",\"width\":842,\"height\":595,\"caption\":\"Bermont Packaging\"},\"image\":{\"@id\":\"https:\\\/\\\/www.bermont.es\\\/#\\\/schema\\\/logo\\\/image\\\/\"},\"sameAs\":[\"https:\\\/\\\/www.linkedin.com\\\/company\\\/nersis-solutions\\\/\",\"https:\\\/\\\/youtube.com\\\/channel\\\/UCSAWW3sRo63VcFGWSRV2u7Q\"]}]}<\/script>\n<!-- \/ Yoast SEO Premium plugin. -->","yoast_head_json":{"title":"Plantas de impresi\u00f3n - Corporaci\u00f3n Bermont","robots":{"index":"index","follow":"follow","max-snippet":"max-snippet:-1","max-image-preview":"max-image-preview:large","max-video-preview":"max-video-preview:-1"},"canonical":"https:\/\/www.bermont.es\/en\/plantas-de-impresion\/","og_locale":"en_US","og_type":"article","og_title":"Plantas de impresi\u00f3n","og_url":"https:\/\/www.bermont.es\/en\/plantas-de-impresion\/","og_site_name":"Corporaci\u00f3n Bermont","article_modified_time":"2026-02-16T16:32:00+00:00","twitter_card":"summary_large_image","twitter_misc":{"Est. reading time":"3 minutes"},"schema":{"@context":"https:\/\/schema.org","@graph":[{"@type":"WebPage","@id":"https:\/\/www.bermont.es\/plantas-de-impresion\/","url":"https:\/\/www.bermont.es\/plantas-de-impresion\/","name":"Plantas de impresi\u00f3n - Corporaci\u00f3n Bermont","isPartOf":{"@id":"https:\/\/www.bermont.es\/#website"},"datePublished":"2023-10-06T11:38:41+00:00","dateModified":"2026-02-16T16:32:00+00:00","breadcrumb":{"@id":"https:\/\/www.bermont.es\/plantas-de-impresion\/#breadcrumb"},"inLanguage":"en-US","potentialAction":[{"@type":"ReadAction","target":["https:\/\/www.bermont.es\/plantas-de-impresion\/"]}]},{"@type":"BreadcrumbList","@id":"https:\/\/www.bermont.es\/plantas-de-impresion\/#breadcrumb","itemListElement":[{"@type":"ListItem","position":1,"name":"Portada","item":"https:\/\/www.bermont.es\/"},{"@type":"ListItem","position":2,"name":"Plantas de impresi\u00f3n"}]},{"@type":"WebSite","@id":"https:\/\/www.bermont.es\/#website","url":"https:\/\/www.bermont.es\/","name":"Bermont Packaging","description":"","publisher":{"@id":"https:\/\/www.bermont.es\/#organization"},"potentialAction":[{"@type":"SearchAction","target":{"@type":"EntryPoint","urlTemplate":"https:\/\/www.bermont.es\/?s={search_term_string}"},"query-input":{"@type":"PropertyValueSpecification","valueRequired":true,"valueName":"search_term_string"}}],"inLanguage":"en-US"},{"@type":"Organization","@id":"https:\/\/www.bermont.es\/#organization","name":"Bermont Packaging","url":"https:\/\/www.bermont.es\/","logo":{"@type":"ImageObject","inLanguage":"en-US","@id":"https:\/\/www.bermont.es\/#\/schema\/logo\/image\/","url":"https:\/\/www.bermont.es\/wp-content\/uploads\/2023\/07\/LOGO-BERMONT-PACKAGING-1.png","contentUrl":"https:\/\/www.bermont.es\/wp-content\/uploads\/2023\/07\/LOGO-BERMONT-PACKAGING-1.png","width":842,"height":595,"caption":"Bermont Packaging"},"image":{"@id":"https:\/\/www.bermont.es\/#\/schema\/logo\/image\/"},"sameAs":["https:\/\/www.linkedin.com\/company\/nersis-solutions\/","https:\/\/youtube.com\/channel\/UCSAWW3sRo63VcFGWSRV2u7Q"]}]}},"_links":{"self":[{"href":"https:\/\/www.bermont.es\/en\/wp-json\/wp\/v2\/pages\/3208","targetHints":{"allow":["GET"]}}],"collection":[{"href":"https:\/\/www.bermont.es\/en\/wp-json\/wp\/v2\/pages"}],"about":[{"href":"https:\/\/www.bermont.es\/en\/wp-json\/wp\/v2\/types\/page"}],"author":[{"embeddable":true,"href":"https:\/\/www.bermont.es\/en\/wp-json\/wp\/v2\/users\/4"}],"replies":[{"embeddable":true,"href":"https:\/\/www.bermont.es\/en\/wp-json\/wp\/v2\/comments?post=3208"}],"version-history":[{"count":93,"href":"https:\/\/www.bermont.es\/en\/wp-json\/wp\/v2\/pages\/3208\/revisions"}],"predecessor-version":[{"id":8935,"href":"https:\/\/www.bermont.es\/en\/wp-json\/wp\/v2\/pages\/3208\/revisions\/8935"}],"wp:attachment":[{"href":"https:\/\/www.bermont.es\/en\/wp-json\/wp\/v2\/media?parent=3208"}],"curies":[{"name":"wp","href":"https:\/\/api.w.org\/{rel}","templated":true}]}}